{"id":24625,"date":"2025-07-26T18:56:21","date_gmt":"2025-07-26T16:56:21","guid":{"rendered":"https:\/\/new.kosicebaptist.sk\/?page_id=24625"},"modified":"2025-07-26T18:56:22","modified_gmt":"2025-07-26T16:56:22","slug":"audioknihy","status":"publish","type":"page","link":"https:\/\/kosicebaptist.sk\/en\/audioknihy","title":{"rendered":"Audiobooks"},"content":{"rendered":"<div id=\"seriesengine\">\n\t<script src=\"https:\/\/player.vimeo.com\/api\/player.js\"><\/script>\n\t<input type=\"hidden\" name=\"enmse-random\" value=\"2094871860\" class=\"enmse-random\">\n\t<div class=\"enmse-loading-icon\" style=\"display: none;\">\n\t\t<p>nahr\u00e1vam obsah...<\/p>\n\t<\/div>\n\t<div class=\"enmse-copy-link-box\" style=\"display: none;\">\n\t\t<h4>Zdie\u013eaj link na t\u00fato k\u00e1ze\u0148<\/h4>\n\t\t<p>Odkaz bol prekop\u00edrovan\u00fd do schr\u00e1nky; pre \u010fal\u0161ie zdie\u013eanie ho sta\u010d\u00ed len prilepi\u0165<\/p>\n\t\t<a href=\"#\" class=\"enmse-copy-link-done\">zavrie\u0165<\/a>\n\t<\/div>\n\t<div class=\"enmse-content-container\" id=\"enmse-top2094871860\">\n\t\t<input type=\"hidden\" name=\"enmse-rrandom\" value=\"2094871860\" class=\"enmse-rrandom\">\n\t\t\t<div class=\"enmse-selector three\">\n\t\t<select name=\"enmse_series\" class=\"enmse_series\">\n\t\t<option value=\"0\">- s\u00e9rie -<\/option>\n\t\t<option value=\"0\" dir=\"0\">-------------<\/option>\n\t\t<option value=\"&amp;enmse_archives=1\" dir=\"&amp;enmse_archives=1\">Zobrazi\u0165 arch\u00edv s\u00e9rie<\/option>\n\t\t<option value=\"&amp;enmse_am=1\" dir=\"&amp;enmse_am=1\">Zobrazi\u0165 v\u0161etky k\u00e1zne<\/option>\t\t<option value=\"0\" dir=\"0\">-------------<\/option>\n\t\t\t\t<option value=\"&amp;enmse_sid=3\">Evanjelium na cest\u00e1ch<\/option>\n\t\t\n\t<\/select>\n\t\t\t<select name=\"enmse_speakers\" class=\"enmse_speakers\">\n\t\t<option value=\"0\">- re\u010dn\u00edci -<\/option>\n\t\t\t\t<option value=\"&amp;enmse_spid=3\">Jaroslav B\u00e1n<\/option>\n\t\t\t<\/select>\n\t\t\t<select name=\"enmse_topics\" class=\"enmse_topics\">\n\t\t<option value=\"0\">- t\u00e9my -<\/option>\n\t\t\t\t<option value=\"&amp;enmse_tid=10\">audiokniha<\/option>\n\t\t\t\t<option value=\"&amp;enmse_tid=4\">evanjelium<\/option>\n\t\t\t<\/select>\n\t\t<\/div>\n\t\t\t\t\t<!-- Single Message and Related Series Details -->\n<h3 class=\"enmse-modern-message-meta\">Jaroslav B\u00e1n - 1. July 2019<\/h3>\n<h2 class=\"enmse-modern-message-title\">Evanjelium na cest\u00e1ch #2 - po\u010diatky<\/h2>\n<!-- Display Audio or Video -->\n<div class=\"enmse-player\" >\n    <div class=\"enmse-media-container modern\">\n\t\t<div class=\"enmse-watch w2094871860\" style=\"display:none;\"><\/div>\n\t\t<div class=\"enmse-listen\" ><img decoding=\"async\" src=\"https:\/\/kosicebaptist.sk\/wp-content\/uploads\/2019\/10\/evanjelium-na-cestach-logo2-1000x563.jpg\" alt=\"Evanjelium na cest\u00e1ch\" border=\"0\" \/><div class=\"enmse-modern-audio\"><audio src=\"https:\/\/kosicebaptist.sk\/wp-content\/uploads\/media\/mp3\/BAN-Evanjelium-na-cestach\/02-BAN-EVANJELIUM-1-Pociatky.mp3\" controls=\"controls\" class=\"enmse-audio-player enmseaplayer\" rel=\"11\" name=\"24\" preload=\"metadata\"><\/audio><\/div><\/div>\n\t\t<div class=\"enmse-alternate a2094871860\" style=\"display:none;\"><\/div>\n\t<\/div>\n\t<ul class=\"enmse-modern-player-tabs hidden hidden\">\n\t\t\t\t<li class=\"enmse-listen-tab nm enmse-tab-selected\" style=\"display:none\"><a href=\"https:\/\/kosicebaptist.sk\/en\/audioknihy?enmse=1&amp;enmse_mid=24&amp;enmse_av=1\" style=\"display:none\">po\u010d\u00fava\u0165<\/a><\/li>\t\t\t<\/ul>\n\t<div style=\"clear: both;\"><\/div>\n\t<div class=\"enmse-modern-player-details\">\n\t\t\t   \t\t   \t<!-- Related Topics -->\n\t   \t\t\t\t\t<p class=\"enmse-related-topics\" style=\"margin-top: 12px\"><strong>Pr\u00edbuzn\u00e9 t\u00e9my:<\/strong> <a href=\"https:\/\/kosicebaptist.sk\/en\/audioknihy?enmse=1&amp;enmse_tid=10\" class=\"enmse-topic-ajax\">audiokniha<input type=\"hidden\" name=\"enmse-topic-info\" value=\"&amp;enmse_tid=10\" class=\"enmse-topic-info\"><\/a>, <a href=\"https:\/\/kosicebaptist.sk\/en\/audioknihy?enmse=1&amp;enmse_tid=4\" class=\"enmse-topic-ajax\">evanjelium<input type=\"hidden\" name=\"enmse-topic-info\" value=\"&amp;enmse_tid=4\" class=\"enmse-topic-info\"><\/a> | <a href=\"https:\/\/kosicebaptist.sk\/en\/audioknihy?enmse=1&amp;enmse_spid=3\" class=\"enmse-speaker-ajax\">k\u00e1zne od re\u010dn\u00edka: Jaroslav B\u00e1n<input type=\"hidden\" name=\"enmse-speaker-info\" value=\"&amp;enmse_spid=3\" class=\"enmse-speaker-info\"><\/a> | <a href=\"https:\/\/kosicebaptist.sk\/wp-content\/uploads\/media\/mp3\/BAN-Evanjelium-na-cestach\/02-BAN-EVANJELIUM-1-Pociatky.mp3\" id=\"enmse-modern-download-audio\"  download>Stiahnu\u0165 Audio<\/a><\/p>\t\t\t\t\t\t<h3>s\u00e9ria: \"<em>Evanjelium na cest\u00e1ch<\/em>\"<\/h3>\t    <p>Evanjelium ako dobr\u00e1 spr\u00e1va o Je\u017ei\u0161ovom dokonalom diele pre \u010dloveka je fascinuj\u00faca skuto\u010dnos\u0165 meniaca \u017eivot \u013eud\u00ed. Deje sa tak u\u017e dve tis\u00edc rokov a moc evanjelia nie je vy\u010derpan\u00e1 ani ni\u010d\u00edm prekonan\u00e1. Rovnako ako na za\u010diatku n\u00e1\u0161ho letopo\u010dtu je tu \u010dlovek s nezmenen\u00fdmi potrebami, ktor\u00e9 nerie\u0161i ni\u010d tak, ako evanjelium.\r\nPri pr\u00edle\u017eitosti spolo\u010dnej n\u00e1v\u0161tevy historick\u00fdch miest spojen\u00fdch s prv\u00fdm zvestovan\u00edm evanjelia apo\u0161tolom Pavlom, som spolu s bratmi a sestrami v zbore Bratskej jednoty baptistov v Ko\u0161icicah \u0161tudoval sp\u00f4sob, ak\u00fdm bolo evanjelium prvotne zvestovan\u00e9. Chceli sme spolu uvidie\u0165 plastick\u00fd obraz moci evanjelia na jednotliv\u00fdch konkr\u00e9tnych pr\u00edpadoch, ke\u010f bolo po prv\u00fdkr\u00e1t v hist\u00f3rii zvestovan\u00e9 apo\u0161tolom Pavlom.\r\nTieto \u0161t\u00fadia s\u00fa dostupn\u00e9 aj v kni\u017enej podobe.\r\nAudio nahr\u00e1vku spracovalo R\u00e1dio Logos - www.radiologos.sk.<\/p>\t\t\t<\/div>\n\t\t<div class=\"enmse-share-details modern\">\n\t\t\t\t<ul>\n\t<li class=\"enmse-facebook\"><a href=\"http:\/\/www.facebook.com\/sharer\/sharer.php?u=https:\/\/kosicebaptist.sk\/en\/zborove-kazne\/evanjelium-na-cest-ch-2-po-iatky\" target=\"_blank\"><span>Facebook<\/span><\/a><\/li>\n\t<li class=\"enmse-twitter\"><a href=\"https:\/\/twitter.com\/intent\/tweet?text=%22Evanjelium na cest\u00e1ch #2 - po\u010diatky%22%20on%20Ko\u0161ice Baptist &#8211; cirkevn\u00fd zbor:&url=%20https:\/\/kosicebaptist.sk\/en\/zborove-kazne\/evanjelium-na-cest-ch-2-po-iatky\" target=\"_blank\"><span>Tweeter<\/span><\/a><\/li>\n\t<li class=\"enmse-share-link\"><a href=\"https:\/\/kosicebaptist.sk\/en\/zborove-kazne\/evanjelium-na-cest-ch-2-po-iatky\"><span>Link<\/span><\/a><input type=\"hidden\" class=\"enmsecopylink\" value=\"https:\/\/kosicebaptist.sk\/en\/zborove-kazne\/evanjelium-na-cest-ch-2-po-iatky\" \/><\/li>\n\t<li class=\"enmse-email\"><a href=\"mailto:TypeEmailHere@address.com?subject=Check%20out%20%22Evanjelium na cest\u00e1ch #2 - po\u010diatky%22%20on%20Ko\u0161ice Baptist &#8211; cirkevn\u00fd zbor&body=Check%20out%20%22Evanjelium na cest\u00e1ch #2 - po\u010diatky%22%20on%20Ko\u0161ice Baptist &#8211; cirkevn\u00fd zbor%20at%20the%20link%20below:%0A%0Ahttps:\/\/kosicebaptist.sk\/en\/zborove-kazne\/evanjelium-na-cest-ch-2-po-iatky\"><span>Posla\u0165 Email<\/span><\/a><\/li>\n\t<\/div>\n\t<\/div>\t\n\t\t\t\t\t\t\t<!-- Related Messages -->\n<h3 class=\"enmse-more-title\">\u010eal\u0161ie k\u00e1zne<\/em><\/h3>\n\t\t<div class=\"enmse-related-area card-view\" id=\"enmse-related2094871860\">\n\t\t\t\t<div class=\"enmse-message-card enmse-oddcard\">\n\t\t\t<img decoding=\"async\" src=\"https:\/\/kosicebaptist.sk\/wp-content\/uploads\/2019\/10\/evanjelium-na-cestach-logo2-600x338.jpg\" alt=\"Evanjelium na cest\u00e1ch #2 - po\u010diatky Image\" border=\"0\" \/>\t\t\t<h6>1. July 2019<\/h6>\n\t\t\t<h5>Evanjelium na cest\u00e1ch #2 - po\u010diatky<\/h5>\n\t\t\t<p class=\"enmse-speaker-name\">Jaroslav B\u00e1n<\/p>\t\t\t\t\t\t\t\t\t<p class=\"enmse-card-links\"><span class=\"enmse-alternate-cell\"><input type=\"hidden\" name=\"enmse-ajax-values\" value=\"&amp;enmse_am=1&amp;enmse_mid=24&amp;enmse_xv=1\" class=\"enmse-ajax-values\"><\/span><span class=\"enmse-watch-cell\"><input type=\"hidden\" name=\"enmse-ajax-values\" value=\"&amp;enmse_am=1&amp;enmse_mid=24\" class=\"enmse-ajax-values\"><\/span><span class=\"enmse-listen-cell\"><a href=\"https:\/\/kosicebaptist.sk\/en\/audioknihy?enmse=1&amp;enmse_am=1&amp;enmse_mid=24&amp;enmse_av=1\" class=\"enmse-ajax-card-link\">po\u010d\u00fava\u0165<\/a><input type=\"hidden\" name=\"enmse-ajax-values\" value=\"&amp;enmse_am=1&amp;enmse_mid=24&amp;enmse_av=1\" class=\"enmse-ajax-values\"><\/span><\/p>\n\t\t<\/div>\n\t\t\t\t<div class=\"enmse-message-card enmse-middlecard\">\n\t\t\t<img decoding=\"async\" src=\"https:\/\/kosicebaptist.sk\/wp-content\/uploads\/2019\/10\/evanjelium-na-cestach-logo2-600x338.jpg\" alt=\"Evanjelium na cest\u00e1ch #3 - Barnab\u00e1\u0161 Image\" border=\"0\" \/>\t\t\t<h6>1. July 2019<\/h6>\n\t\t\t<h5>Evanjelium na cest\u00e1ch #3 - Barnab\u00e1\u0161<\/h5>\n\t\t\t<p class=\"enmse-speaker-name\">Jaroslav B\u00e1n<\/p>\t\t\t\t\t\t\t\t\t<p class=\"enmse-card-links\"><span class=\"enmse-alternate-cell\"><input type=\"hidden\" name=\"enmse-ajax-values\" value=\"&amp;enmse_am=1&amp;enmse_mid=25&amp;enmse_xv=1\" class=\"enmse-ajax-values\"><\/span><span class=\"enmse-watch-cell\"><input type=\"hidden\" name=\"enmse-ajax-values\" value=\"&amp;enmse_am=1&amp;enmse_mid=25\" class=\"enmse-ajax-values\"><\/span><span class=\"enmse-listen-cell\"><a href=\"https:\/\/kosicebaptist.sk\/en\/audioknihy?enmse=1&amp;enmse_am=1&amp;enmse_mid=25&amp;enmse_av=1\" class=\"enmse-ajax-card-link\">po\u010d\u00fava\u0165<\/a><input type=\"hidden\" name=\"enmse-ajax-values\" value=\"&amp;enmse_am=1&amp;enmse_mid=25&amp;enmse_av=1\" class=\"enmse-ajax-values\"><\/span><\/p>\n\t\t<\/div>\n\t\t\t\t<div class=\"enmse-message-card enmse-oddcard\">\n\t\t\t<img decoding=\"async\" src=\"https:\/\/kosicebaptist.sk\/wp-content\/uploads\/2019\/10\/evanjelium-na-cestach-logo2-600x338.jpg\" alt=\"Evanjelium na cest\u00e1ch #4 - Pavol Image\" border=\"0\" \/>\t\t\t<h6>1. July 2019<\/h6>\n\t\t\t<h5>Evanjelium na cest\u00e1ch #4 - Pavol<\/h5>\n\t\t\t<p class=\"enmse-speaker-name\">Jaroslav B\u00e1n<\/p>\t\t\t\t\t\t\t\t\t<p class=\"enmse-card-links\"><span class=\"enmse-alternate-cell\"><input type=\"hidden\" name=\"enmse-ajax-values\" value=\"&amp;enmse_am=1&amp;enmse_mid=26&amp;enmse_xv=1\" class=\"enmse-ajax-values\"><\/span><span class=\"enmse-watch-cell\"><input type=\"hidden\" name=\"enmse-ajax-values\" value=\"&amp;enmse_am=1&amp;enmse_mid=26\" class=\"enmse-ajax-values\"><\/span><span class=\"enmse-listen-cell\"><a href=\"https:\/\/kosicebaptist.sk\/en\/audioknihy?enmse=1&amp;enmse_am=1&amp;enmse_mid=26&amp;enmse_av=1\" class=\"enmse-ajax-card-link\">po\u010d\u00fava\u0165<\/a><input type=\"hidden\" name=\"enmse-ajax-values\" value=\"&amp;enmse_am=1&amp;enmse_mid=26&amp;enmse_av=1\" class=\"enmse-ajax-values\"><\/span><\/p>\n\t\t<\/div>\n\t\t\t\t<div class=\"enmse-message-card\">\n\t\t\t<img decoding=\"async\" src=\"https:\/\/kosicebaptist.sk\/wp-content\/uploads\/2019\/10\/evanjelium-na-cestach-logo2-600x338.jpg\" alt=\"Evanjelium na cest\u00e1ch #1 - \u00favod Image\" border=\"0\" \/>\t\t\t<h6>1. July 2019<\/h6>\n\t\t\t<h5>Evanjelium na cest\u00e1ch #1 - \u00favod<\/h5>\n\t\t\t<p class=\"enmse-speaker-name\">Jaroslav B\u00e1n<\/p>\t\t\t\t\t\t\t\t\t<p class=\"enmse-card-links\"><span class=\"enmse-alternate-cell\"><input type=\"hidden\" name=\"enmse-ajax-values\" value=\"&amp;enmse_am=1&amp;enmse_mid=4&amp;enmse_xv=1\" class=\"enmse-ajax-values\"><\/span><span class=\"enmse-watch-cell\"><input type=\"hidden\" name=\"enmse-ajax-values\" value=\"&amp;enmse_am=1&amp;enmse_mid=4\" class=\"enmse-ajax-values\"><\/span><span class=\"enmse-listen-cell\"><a href=\"https:\/\/kosicebaptist.sk\/en\/audioknihy?enmse=1&amp;enmse_am=1&amp;enmse_mid=4&amp;enmse_av=1\" class=\"enmse-ajax-card-link\">po\u010d\u00fava\u0165<\/a><input type=\"hidden\" name=\"enmse-ajax-values\" value=\"&amp;enmse_am=1&amp;enmse_mid=4&amp;enmse_av=1\" class=\"enmse-ajax-values\"><\/span><\/p>\n\t\t<\/div>\n\t\t\t\t<div class=\"enmse-message-card enmse-middlecard enmse-oddcard\">\n\t\t\t<img decoding=\"async\" src=\"https:\/\/kosicebaptist.sk\/wp-content\/uploads\/2019\/10\/evanjelium-na-cestach-logo2-600x338.jpg\" alt=\"Evanjelium na cest\u00e1ch #5 - farizej Saul Image\" border=\"0\" \/>\t\t\t<h6>1. July 2019<\/h6>\n\t\t\t<h5>Evanjelium na cest\u00e1ch #5 - farizej Saul<\/h5>\n\t\t\t<p class=\"enmse-speaker-name\">Jaroslav B\u00e1n<\/p>\t\t\t\t\t\t\t\t\t<p class=\"enmse-card-links\"><span class=\"enmse-alternate-cell\"><input type=\"hidden\" name=\"enmse-ajax-values\" value=\"&amp;enmse_am=1&amp;enmse_mid=27&amp;enmse_xv=1\" class=\"enmse-ajax-values\"><\/span><span class=\"enmse-watch-cell\"><input type=\"hidden\" name=\"enmse-ajax-values\" value=\"&amp;enmse_am=1&amp;enmse_mid=27\" class=\"enmse-ajax-values\"><\/span><span class=\"enmse-listen-cell\"><a href=\"https:\/\/kosicebaptist.sk\/en\/audioknihy?enmse=1&amp;enmse_am=1&amp;enmse_mid=27&amp;enmse_av=1\" class=\"enmse-ajax-card-link\">po\u010d\u00fava\u0165<\/a><input type=\"hidden\" name=\"enmse-ajax-values\" value=\"&amp;enmse_am=1&amp;enmse_mid=27&amp;enmse_av=1\" class=\"enmse-ajax-values\"><\/span><\/p>\n\t\t<\/div>\n\t\t\t\t<div class=\"enmse-message-card\">\n\t\t\t<img decoding=\"async\" src=\"https:\/\/kosicebaptist.sk\/wp-content\/uploads\/2019\/10\/evanjelium-na-cestach-logo2-600x338.jpg\" alt=\"Evanjelium na cest\u00e1ch #7 - prv\u00e1 misijn\u00e1 cesta Image\" border=\"0\" \/>\t\t\t<h6>1. July 2019<\/h6>\n\t\t\t<h5>Evanjelium na cest\u00e1ch #7 - prv\u00e1 misijn\u00e1 cesta<\/h5>\n\t\t\t<p class=\"enmse-speaker-name\">Jaroslav B\u00e1n<\/p>\t\t\t\t\t\t\t\t\t<p class=\"enmse-card-links\"><span class=\"enmse-alternate-cell\"><input type=\"hidden\" name=\"enmse-ajax-values\" value=\"&amp;enmse_am=1&amp;enmse_mid=29&amp;enmse_xv=1\" class=\"enmse-ajax-values\"><\/span><span class=\"enmse-watch-cell\"><input type=\"hidden\" name=\"enmse-ajax-values\" value=\"&amp;enmse_am=1&amp;enmse_mid=29\" class=\"enmse-ajax-values\"><\/span><span class=\"enmse-listen-cell\"><a href=\"https:\/\/kosicebaptist.sk\/en\/audioknihy?enmse=1&amp;enmse_am=1&amp;enmse_mid=29&amp;enmse_av=1\" class=\"enmse-ajax-card-link\">po\u010d\u00fava\u0165<\/a><input type=\"hidden\" name=\"enmse-ajax-values\" value=\"&amp;enmse_am=1&amp;enmse_mid=29&amp;enmse_av=1\" class=\"enmse-ajax-values\"><\/span><\/p>\n\t\t<\/div>\n\t\t\t\t<div class=\"enmse-message-card enmse-oddcard\">\n\t\t\t<img decoding=\"async\" src=\"https:\/\/kosicebaptist.sk\/wp-content\/uploads\/2019\/10\/evanjelium-na-cestach-logo2-600x338.jpg\" alt=\"Evanjelium na cest\u00e1ch #6 - cirkev v Antiochii Image\" border=\"0\" \/>\t\t\t<h6>1. July 2019<\/h6>\n\t\t\t<h5>Evanjelium na cest\u00e1ch #6 - cirkev v Antiochii<\/h5>\n\t\t\t<p class=\"enmse-speaker-name\">Jaroslav B\u00e1n<\/p>\t\t\t\t\t\t\t\t\t<p class=\"enmse-card-links\"><span class=\"enmse-alternate-cell\"><input type=\"hidden\" name=\"enmse-ajax-values\" value=\"&amp;enmse_am=1&amp;enmse_mid=28&amp;enmse_xv=1\" class=\"enmse-ajax-values\"><\/span><span class=\"enmse-watch-cell\"><input type=\"hidden\" name=\"enmse-ajax-values\" value=\"&amp;enmse_am=1&amp;enmse_mid=28\" class=\"enmse-ajax-values\"><\/span><span class=\"enmse-listen-cell\"><a href=\"https:\/\/kosicebaptist.sk\/en\/audioknihy?enmse=1&amp;enmse_am=1&amp;enmse_mid=28&amp;enmse_av=1\" class=\"enmse-ajax-card-link\">po\u010d\u00fava\u0165<\/a><input type=\"hidden\" name=\"enmse-ajax-values\" value=\"&amp;enmse_am=1&amp;enmse_mid=28&amp;enmse_av=1\" class=\"enmse-ajax-values\"><\/span><\/p>\n\t\t<\/div>\n\t\t\t\t<div class=\"enmse-message-card enmse-middlecard\">\n\t\t\t<img decoding=\"async\" src=\"https:\/\/kosicebaptist.sk\/wp-content\/uploads\/2019\/10\/evanjelium-na-cestach-logo2-600x338.jpg\" alt=\"Evanjelium na cest\u00e1ch #8 - evanjelium na Cypre Image\" border=\"0\" \/>\t\t\t<h6>1. July 2019<\/h6>\n\t\t\t<h5>Evanjelium na cest\u00e1ch #8 - evanjelium na Cypre<\/h5>\n\t\t\t<p class=\"enmse-speaker-name\">Jaroslav B\u00e1n<\/p>\t\t\t\t\t\t\t\t\t<p class=\"enmse-card-links\"><span class=\"enmse-alternate-cell\"><input type=\"hidden\" name=\"enmse-ajax-values\" value=\"&amp;enmse_am=1&amp;enmse_mid=30&amp;enmse_xv=1\" class=\"enmse-ajax-values\"><\/span><span class=\"enmse-watch-cell\"><input type=\"hidden\" name=\"enmse-ajax-values\" value=\"&amp;enmse_am=1&amp;enmse_mid=30\" class=\"enmse-ajax-values\"><\/span><span class=\"enmse-listen-cell\"><a href=\"https:\/\/kosicebaptist.sk\/en\/audioknihy?enmse=1&amp;enmse_am=1&amp;enmse_mid=30&amp;enmse_av=1\" class=\"enmse-ajax-card-link\">po\u010d\u00fava\u0165<\/a><input type=\"hidden\" name=\"enmse-ajax-values\" value=\"&amp;enmse_am=1&amp;enmse_mid=30&amp;enmse_av=1\" class=\"enmse-ajax-values\"><\/span><\/p>\n\t\t<\/div>\n\t\t\t\t<div class=\"enmse-message-card enmse-oddcard\">\n\t\t\t<img decoding=\"async\" src=\"https:\/\/kosicebaptist.sk\/wp-content\/uploads\/2019\/10\/evanjelium-na-cestach-logo2-600x338.jpg\" alt=\"Evanjelium na cest\u00e1ch #9 - J\u00e1n Marek Image\" border=\"0\" \/>\t\t\t<h6>1. July 2019<\/h6>\n\t\t\t<h5>Evanjelium na cest\u00e1ch #9 - J\u00e1n Marek<\/h5>\n\t\t\t<p class=\"enmse-speaker-name\">Jaroslav B\u00e1n<\/p>\t\t\t\t\t\t\t\t\t<p class=\"enmse-card-links\"><span class=\"enmse-alternate-cell\"><input type=\"hidden\" name=\"enmse-ajax-values\" value=\"&amp;enmse_am=1&amp;enmse_mid=31&amp;enmse_xv=1\" class=\"enmse-ajax-values\"><\/span><span class=\"enmse-watch-cell\"><input type=\"hidden\" name=\"enmse-ajax-values\" value=\"&amp;enmse_am=1&amp;enmse_mid=31\" class=\"enmse-ajax-values\"><\/span><span class=\"enmse-listen-cell\"><a href=\"https:\/\/kosicebaptist.sk\/en\/audioknihy?enmse=1&amp;enmse_am=1&amp;enmse_mid=31&amp;enmse_av=1\" class=\"enmse-ajax-card-link\">po\u010d\u00fava\u0165<\/a><input type=\"hidden\" name=\"enmse-ajax-values\" value=\"&amp;enmse_am=1&amp;enmse_mid=31&amp;enmse_av=1\" class=\"enmse-ajax-values\"><\/span><\/p>\n\t\t<\/div>\n\t\t\t\t<div class=\"enmse-message-card\">\n\t\t\t<img decoding=\"async\" src=\"https:\/\/kosicebaptist.sk\/wp-content\/uploads\/2019\/10\/evanjelium-na-cestach-logo2-600x338.jpg\" alt=\"Evanjelium na cest\u00e1ch #10 - Pizidsk\u00e1 Antiochia Image\" border=\"0\" \/>\t\t\t<h6>1. July 2019<\/h6>\n\t\t\t<h5>Evanjelium na cest\u00e1ch #10 - Pizidsk\u00e1 Antiochia<\/h5>\n\t\t\t<p class=\"enmse-speaker-name\">Jaroslav B\u00e1n<\/p>\t\t\t\t\t\t\t\t\t<p class=\"enmse-card-links\"><span class=\"enmse-alternate-cell\"><input type=\"hidden\" name=\"enmse-ajax-values\" value=\"&amp;enmse_am=1&amp;enmse_mid=32&amp;enmse_xv=1\" class=\"enmse-ajax-values\"><\/span><span class=\"enmse-watch-cell\"><input type=\"hidden\" name=\"enmse-ajax-values\" value=\"&amp;enmse_am=1&amp;enmse_mid=32\" class=\"enmse-ajax-values\"><\/span><span class=\"enmse-listen-cell\"><a href=\"https:\/\/kosicebaptist.sk\/en\/audioknihy?enmse=1&amp;enmse_am=1&amp;enmse_mid=32&amp;enmse_av=1\" class=\"enmse-ajax-card-link\">po\u010d\u00fava\u0165<\/a><input type=\"hidden\" name=\"enmse-ajax-values\" value=\"&amp;enmse_am=1&amp;enmse_mid=32&amp;enmse_av=1\" class=\"enmse-ajax-values\"><\/span><\/p>\n\t\t<\/div>\n\t\t\t\t<div class=\"enmse-message-card enmse-middlecard enmse-oddcard\">\n\t\t\t<img decoding=\"async\" src=\"https:\/\/kosicebaptist.sk\/wp-content\/uploads\/2019\/10\/evanjelium-na-cestach-logo2-600x338.jpg\" alt=\"Evanjelium na cest\u00e1ch #11 - jadro evanjelia Image\" border=\"0\" \/>\t\t\t<h6>1. July 2019<\/h6>\n\t\t\t<h5>Evanjelium na cest\u00e1ch #11 - jadro evanjelia<\/h5>\n\t\t\t<p class=\"enmse-speaker-name\">Jaroslav B\u00e1n<\/p>\t\t\t\t\t\t\t\t\t<p class=\"enmse-card-links\"><span class=\"enmse-alternate-cell\"><input type=\"hidden\" name=\"enmse-ajax-values\" value=\"&amp;enmse_am=1&amp;enmse_mid=33&amp;enmse_xv=1\" class=\"enmse-ajax-values\"><\/span><span class=\"enmse-watch-cell\"><input type=\"hidden\" name=\"enmse-ajax-values\" value=\"&amp;enmse_am=1&amp;enmse_mid=33\" class=\"enmse-ajax-values\"><\/span><span class=\"enmse-listen-cell\"><a href=\"https:\/\/kosicebaptist.sk\/en\/audioknihy?enmse=1&amp;enmse_am=1&amp;enmse_mid=33&amp;enmse_av=1\" class=\"enmse-ajax-card-link\">po\u010d\u00fava\u0165<\/a><input type=\"hidden\" name=\"enmse-ajax-values\" value=\"&amp;enmse_am=1&amp;enmse_mid=33&amp;enmse_av=1\" class=\"enmse-ajax-values\"><\/span><\/p>\n\t\t<\/div>\n\t\t\t\t<div class=\"enmse-message-card\">\n\t\t\t<img decoding=\"async\" src=\"https:\/\/kosicebaptist.sk\/wp-content\/uploads\/2019\/10\/evanjelium-na-cestach-logo2-600x338.jpg\" alt=\"Evanjelium na cest\u00e1ch #12 - evanjelium v Lystre Image\" border=\"0\" \/>\t\t\t<h6>1. July 2019<\/h6>\n\t\t\t<h5>Evanjelium na cest\u00e1ch #12 - evanjelium v Lystre<\/h5>\n\t\t\t<p class=\"enmse-speaker-name\">Jaroslav B\u00e1n<\/p>\t\t\t\t\t\t\t\t\t<p class=\"enmse-card-links\"><span class=\"enmse-alternate-cell\"><input type=\"hidden\" name=\"enmse-ajax-values\" value=\"&amp;enmse_am=1&amp;enmse_mid=34&amp;enmse_xv=1\" class=\"enmse-ajax-values\"><\/span><span class=\"enmse-watch-cell\"><input type=\"hidden\" name=\"enmse-ajax-values\" value=\"&amp;enmse_am=1&amp;enmse_mid=34\" class=\"enmse-ajax-values\"><\/span><span class=\"enmse-listen-cell\"><a href=\"https:\/\/kosicebaptist.sk\/en\/audioknihy?enmse=1&amp;enmse_am=1&amp;enmse_mid=34&amp;enmse_av=1\" class=\"enmse-ajax-card-link\">po\u010d\u00fava\u0165<\/a><input type=\"hidden\" name=\"enmse-ajax-values\" value=\"&amp;enmse_am=1&amp;enmse_mid=34&amp;enmse_av=1\" class=\"enmse-ajax-values\"><\/span><\/p>\n\t\t<\/div>\n\t\t\t\t<div class=\"se-pagination\"><span class=\"displaying-num\">Displaying 1-12 of 24<\/span><span class=\"page-numbers current\">1<\/span> <a href=\"https:\/\/kosicebaptist.sk\/en\/audioknihy?enmse=1&amp;enmse_am=1&amp;enmse_o=1&amp;enmse_c=12&amp;enmse_p=2&amp;enmse_mid=24&amp;enmse_sds=0\" class=\"page-numbers number enmse-ajax-page\" name=\"&amp;enmse_am=1&amp;enmse_c=12&amp;enmse_p=2&amp;enmse_mid=24\">2<\/a> <a href=\"https:\/\/kosicebaptist.sk\/en\/audioknihy?enmse=1&amp;enmse_am=1&amp;enmse_o=1&amp;enmse_c=12&amp;enmse_p=2&amp;enmse_mid=24&amp;enmse_sds=0\" class=\"next page-numbers enmse-ajax-page\" name=\"&amp;enmse_am=1&amp;enmse_c=12&amp;enmse_p=2&amp;enmse_mid=24\"><span>\u010ealej <\/span>&raquo;<\/a><div style=\"clear: both;\"><\/div><\/div>\n\t<\/div>\n\t\t\t\t\t\t<input type=\"hidden\" name=\"enmse-embed-options\" value=\"&amp;enmse_lo=1&amp;enmse_a=0&amp;enmse_de=1&amp;enmse_d=0&amp;enmse_sh=0&amp;enmse_ex=0&amp;enmse_dss=0&amp;enmse_dst=0&amp;enmse_dsb=0&amp;enmse_dssp=0&amp;enmse_scm=1&amp;enmse_dsst=2&amp;enmse_dam=1&amp;enmse_sort=DESC&amp;enmse_pag=12&amp;enmse_apag=12&amp;enmse_cv=1&amp;enmse_ddval=three&amp;enmse_hsd=0&amp;enmse_hspd=0&amp;enmse_htd=0&amp;enmse_hbd=1&enmse_hs=0&enmse_hsh=0&enmse_had=0\" class=\"enmse-embed-options\">\n<input type=\"hidden\" name=\"enmse-plugin-url\" value=\"https:\/\/kosicebaptist.sk\/wp-content\/plugins\/seriesengine_plugin\" class=\"enmse-plugin-url\">\n<input type=\"hidden\" name=\"enmse-permalink\" value=\"https%3A%2F%2Fkosicebaptist.sk%2Fen%2Faudioknihy%3Fenmse%3D1\" class=\"enmse-permalink\">\n<input type=\"hidden\" name=\"enmse-permalinknoajax\" value=\"https:\/\/kosicebaptist.sk\/en\/audioknihy?enmse=1\" class=\"enmse-permalinknoajax\">\n<input type=\"hidden\" name=\"xxse\" value=\"L2RhdGEvYi9jL2JjOGE3YzNhLWYyZGUtNDcwYi1iYzhmLWE3ODA1ODc2ZWQ4Ny9rb3NpY2ViYXB0aXN0LnNrL3dlYi8=\" class=\"xxse\" \/>\t\n\t\t<h3 class=\"enmse-poweredby\"><a href=\"http:\/\/seriesengine.com\" target=\"_blank\">Powered by Series Engine<\/a><\/h3>\t\n\t\t<div style=\"clear: right\"><\/div>\n\t<!-- v2.8.9.010326 -->\n\t<\/div>\n<\/div>","protected":false},"excerpt":{"rendered":"","protected":false},"author":1,"featured_media":0,"parent":0,"menu_order":0,"comment_status":"closed","ping_status":"closed","template":"","meta":{"_seopress_robots_primary_cat":"","_seopress_titles_title":"","_seopress_titles_desc":"","_seopress_robots_index":"","footnotes":""},"class_list":["post-24625","page","type-page","status-publish","hentry"],"blocksy_meta":[],"_links":{"self":[{"href":"https:\/\/kosicebaptist.sk\/en\/wp-json\/wp\/v2\/pages\/24625","targetHints":{"allow":["GET"]}}],"collection":[{"href":"https:\/\/kosicebaptist.sk\/en\/wp-json\/wp\/v2\/pages"}],"about":[{"href":"https:\/\/kosicebaptist.sk\/en\/wp-json\/wp\/v2\/types\/page"}],"author":[{"embeddable":true,"href":"https:\/\/kosicebaptist.sk\/en\/wp-json\/wp\/v2\/users\/1"}],"replies":[{"embeddable":true,"href":"https:\/\/kosicebaptist.sk\/en\/wp-json\/wp\/v2\/comments?post=24625"}],"version-history":[{"count":1,"href":"https:\/\/kosicebaptist.sk\/en\/wp-json\/wp\/v2\/pages\/24625\/revisions"}],"predecessor-version":[{"id":24628,"href":"https:\/\/kosicebaptist.sk\/en\/wp-json\/wp\/v2\/pages\/24625\/revisions\/24628"}],"wp:attachment":[{"href":"https:\/\/kosicebaptist.sk\/en\/wp-json\/wp\/v2\/media?parent=24625"}],"curies":[{"name":"wp","href":"https:\/\/api.w.org\/{rel}","templated":true}]}}