{"id":24895,"date":"2025-07-29T20:57:48","date_gmt":"2025-07-29T18:57:48","guid":{"rendered":"https:\/\/new.kosicebaptist.sk\/?page_id=24895"},"modified":"2025-12-17T20:13:09","modified_gmt":"2025-12-17T19:13:09","slug":"bankove-spojenie","status":"publish","type":"page","link":"https:\/\/kosicebaptist.sk\/en\/bankove-spojenie","title":{"rendered":"Bank details"},"content":{"rendered":"<div class=\"wp-block-stackable-columns stk-block-columns stk-block stk-108536f\" data-block-id=\"108536f\"><div class=\"stk-row stk-inner-blocks stk-block-content stk-content-align stk-108536f-column\">\n<div class=\"wp-block-stackable-column stk-block-column stk-column stk-block stk-c54ce74\" data-v=\"4\" data-block-id=\"c54ce74\"><div class=\"stk-column-wrapper stk-block-column__content stk-container stk-c54ce74-container stk--no-background stk--no-padding\"><div class=\"stk-block-content stk-inner-blocks stk-c54ce74-inner-blocks\"><\/div><\/div><\/div>\n\n\n\n<div class=\"wp-block-stackable-column stk-block-column stk-column stk-block stk-d730514\" data-v=\"4\" data-block-id=\"d730514\"><div class=\"stk-column-wrapper stk-block-column__content stk-container stk-d730514-container stk--no-background stk--no-padding\"><div class=\"stk-block-content stk-inner-blocks stk-d730514-inner-blocks\">\n<div style=\"text-align: left; line-height: 1.6;\">\n <strong>Bratsk\u00e1 jednota baptistov cirkevn\u00fd zbor Ko\u0161ice<\/strong><br> \n  <strong>ID:<\/strong> 31961924<br>\n  <strong>Tax ID:<\/strong> 2022004127<br><br>\n\n  <strong>Financial institution:<\/strong> SLSP Ko\u0161ice<br>\n  <strong>Account No.<\/strong> 82135215\/0900<br>\n  <strong>IBAN:<\/strong> SK39 0900 0000 0000 8213 5215<br>\n  <strong>SWIFT BIC:<\/strong> GIBASKBX\n<\/div>\n<\/div><\/div><\/div>\n\n\n\n<div class=\"wp-block-stackable-column stk-block-column stk-column stk-block stk-bf9bee4\" data-v=\"4\" data-block-id=\"bf9bee4\"><div class=\"stk-column-wrapper stk-block-column__content stk-container stk-bf9bee4-container stk--no-background stk--no-padding\"><div class=\"stk-block-content stk-inner-blocks stk-bf9bee4-inner-blocks\">\n<div class=\"wp-block-stackable-image stk-block-image has-text-align-left stk-block stk-d312bab\" data-block-id=\"d312bab\"><style>.stk-d312bab .stk-img-wrapper{width:150px !important;}<\/style><figure><span class=\"stk-img-wrapper stk-image--shape-stretch\"><img loading=\"lazy\" decoding=\"async\" class=\"stk-img wp-image-24959\" src=\"https:\/\/kosicebaptist.sk\/wp-content\/uploads\/2025\/07\/platba-kosice-baptist-qr-kod-2-1-e1586170866698.webp\" width=\"150\" height=\"153\" alt=\"qr k\u00f3d - bankov\u00e9 spojenie ko\u0161ice baptist\"\/><\/span><\/figure><\/div>\n<\/div><\/div><\/div>\n\n\n\n<div class=\"wp-block-stackable-column stk-block-column stk-column stk-block stk-f5418ad\" data-v=\"4\" data-block-id=\"f5418ad\"><div class=\"stk-column-wrapper stk-block-column__content stk-container stk-f5418ad-container stk--no-background stk--no-padding\"><div class=\"stk-block-content stk-inner-blocks stk-f5418ad-inner-blocks\"><\/div><\/div><\/div>\n<\/div><\/div>\n\n\n\n<div class=\"wp-block-group is-layout-constrained wp-block-group-is-layout-constrained\"><\/div>\n\n\n\n<div class=\"wp-block-stackable-columns stk-block-columns stk-block stk-74a8977\" data-block-id=\"74a8977\"><div class=\"stk-row stk-inner-blocks stk-block-content stk-content-align stk-74a8977-column\">\n<div class=\"wp-block-stackable-column stk-block-column stk-column stk-block stk-dd98bf0\" data-v=\"4\" data-block-id=\"dd98bf0\"><style>@media screen and (min-width:690px){.stk-dd98bf0 {flex:var(--stk-flex-grow, 1) 1 calc(17% - var(--stk-column-gap, 0px) * 2 \/ 3 ) !important;}}<\/style><div class=\"stk-column-wrapper stk-block-column__content stk-container stk-dd98bf0-container stk--no-background stk--no-padding\"><div class=\"stk-block-content stk-inner-blocks stk-dd98bf0-inner-blocks\"><\/div><\/div><\/div>\n\n\n\n<div class=\"wp-block-stackable-column stk-block-column stk-column stk-block stk-2b0df14\" data-v=\"4\" data-block-id=\"2b0df14\"><style>@media screen and (min-width:690px){.stk-2b0df14 {flex:var(--stk-flex-grow, 1) 1 calc(66% - var(--stk-column-gap, 0px) * 2 \/ 3 ) !important;}}<\/style><div class=\"stk-column-wrapper stk-block-column__content stk-container stk-2b0df14-container stk--no-background stk--no-padding\"><div class=\"stk-block-content stk-inner-blocks stk-2b0df14-inner-blocks\">\n<style>\n  .donation-table {\n    width: 100%;\n    border-collapse: collapse;\n    margin: 1em 0;\n    font-size: 1em;\n    line-height: 1.6;\n  }\n\n  .donation-table th,\n  .donation-table td {\n    border: 1px solid #ccc;\n    padding: 8px 12px;\n    text-align: left;\n  }\n\n  .donation-table th {\n    background-color: #F7A145;\n    color: #ffffff;\n  }\n\n  .donation-table caption {\n    caption-side: top;\n    font-weight: bold;\n    font-size: 1.2em;\n    margin-bottom: 0.5em;\n  }\n<\/style>\n\n<table class=\"donation-table\">\n  <caption>Thank you for your gift<\/caption>\n  <thead>\n    <tr>\n      <th>Gift for:<\/th>\n      <th>Variable symbol<\/th>\n    <\/tr>\n  <\/thead>\n  <tbody>\n    <tr><td>General church needs<\/td><td>8001<\/td><\/tr>\n    <tr><td>Pastor\u2019s salary fund<\/td><td>8002<\/td><\/tr>\n    <tr><td>Maintenance and technical tasks<\/td><td>8003<\/td><\/tr>\n    <tr><td>Social Fund<\/td><td>8004<\/td><\/tr>\n    <tr><td>Social Fund - cooking for homeless<\/td><td>8044<\/td><\/tr>\n    <tr><td>Mission, other<\/td><td>8005<\/td><\/tr>\n    <tr><td>Youth<\/td><td>8006<\/td><\/tr>\n    <tr><td>Sunday Caff\u00e9<\/td><td>8007<\/td><\/tr>\n    <tr><td>Audio Video Equipment<\/td><td>8008<\/td><\/tr>\n    <tr><td>Contact Club - work with preteens<\/td><td>8009<\/td><\/tr>\n    <tr><td>Halfway House \u2013 Support for the missionary work of the Gurka family<\/td><td>8010<\/td><\/tr>\n    <tr><td>Rev\u00faca(kostol na hrane) \u2013 k\u00fapa modlitebne<\/td><td>8011<\/td><\/tr>\n    <tr><td>Help for Ukraine<\/td><td>152<\/td><\/tr>\n    <tr><td>Church Hospitality \u2013 Sunday Lunches (Romans 12:13)<\/td><td>1213<\/td><\/tr>\n  <\/tbody>\n<\/table>\n<\/div><\/div><\/div>\n\n\n\n<div class=\"wp-block-stackable-column stk-block-column stk-column stk-block stk-723f85d\" data-v=\"4\" data-block-id=\"723f85d\"><style>@media screen and (min-width:690px){.stk-723f85d {flex:var(--stk-flex-grow, 1) 1 calc(17% - var(--stk-column-gap, 0px) * 2 \/ 3 ) !important;}}<\/style><div class=\"stk-column-wrapper stk-block-column__content stk-container stk-723f85d-container stk--no-background stk--no-padding\"><div class=\"stk-block-content stk-inner-blocks stk-723f85d-inner-blocks\"><\/div><\/div><\/div>\n<\/div><\/div>\n\n\n\n<div class=\"wp-block-columns is-layout-flex wp-container-core-columns-is-layout-28f84493 wp-block-columns-is-layout-flex\">\n<div class=\"wp-block-column is-layout-flow wp-block-column-is-layout-flow\" style=\"flex-basis:100%\">\n<div class=\"wp-block-group is-layout-flow wp-block-group-is-layout-flow\"><\/div>\n<\/div>\n<\/div>","protected":false},"excerpt":{"rendered":"<p>Bratsk\u00e1 jednota baptistov cirkevn\u00fd zbor Ko\u0161ice I\u010cO: 31961924 DI\u010c: 2022004127 Pe\u0148a\u017en\u00fd \u00fastav: SLSP Ko\u0161ice \u010c. \u00fa\u010dtu: 82135215\/0900 IBAN: SK39 0900 0000 0000 8213 5215 SWIFT BIC: GIBASKBX \u010eakujeme za va\u0161e dary Dary na: Variabiln\u00fd symbol Be\u017en\u00e9 potreby zboru 8001 Fond platu kazate\u013ea 8002 Opravy a technick\u00e9 veci 8003 Soci\u00e1lny fond 8004 Soci\u00e1lny fond \u2013 strava [&hellip;]<\/p>\n","protected":false},"author":1,"featured_media":0,"parent":0,"menu_order":0,"comment_status":"closed","ping_status":"closed","template":"","meta":{"_seopress_robots_primary_cat":"","_seopress_titles_title":"Bankov\u00e9 spojenie - Ko\u0161ice Baptist","_seopress_titles_desc":"Bankov\u00e9 spojenie - Bratsk\u00e1 jednota baptistov Ko\u0161ice. \u010eakujeme za va\u0161e modlitby a dary.","_seopress_robots_index":"","footnotes":""},"class_list":["post-24895","page","type-page","status-publish","hentry"],"blocksy_meta":{"disable_header":"no","styles_descriptor":{"styles":{"desktop":"","tablet":"","mobile":""},"google_fonts":[],"version":6},"has_hero_section":"disabled"},"_links":{"self":[{"href":"https:\/\/kosicebaptist.sk\/en\/wp-json\/wp\/v2\/pages\/24895","targetHints":{"allow":["GET"]}}],"collection":[{"href":"https:\/\/kosicebaptist.sk\/en\/wp-json\/wp\/v2\/pages"}],"about":[{"href":"https:\/\/kosicebaptist.sk\/en\/wp-json\/wp\/v2\/types\/page"}],"author":[{"embeddable":true,"href":"https:\/\/kosicebaptist.sk\/en\/wp-json\/wp\/v2\/users\/1"}],"replies":[{"embeddable":true,"href":"https:\/\/kosicebaptist.sk\/en\/wp-json\/wp\/v2\/comments?post=24895"}],"version-history":[{"count":39,"href":"https:\/\/kosicebaptist.sk\/en\/wp-json\/wp\/v2\/pages\/24895\/revisions"}],"predecessor-version":[{"id":26133,"href":"https:\/\/kosicebaptist.sk\/en\/wp-json\/wp\/v2\/pages\/24895\/revisions\/26133"}],"wp:attachment":[{"href":"https:\/\/kosicebaptist.sk\/en\/wp-json\/wp\/v2\/media?parent=24895"}],"curies":[{"name":"wp","href":"https:\/\/api.w.org\/{rel}","templated":true}]}}