{"id":24938,"date":"2025-07-30T13:11:20","date_gmt":"2025-07-30T11:11:20","guid":{"rendered":"https:\/\/new.kosicebaptist.sk\/?page_id=24938"},"modified":"2026-04-03T16:32:32","modified_gmt":"2026-04-03T14:32:32","slug":"zborovy-spravodaj","status":"publish","type":"page","link":"https:\/\/kosicebaptist.sk\/en\/zborovy-spravodaj","title":{"rendered":"Church bulletin"},"content":{"rendered":"<blockquote class=\"wp-block-quote is-layout-flow wp-block-quote-is-layout-flow\">\n<p>Download the church newsletter in PDF format to your computer. Activity information is approximate and prepared a month in advance. For more details, subscribe to our newsletter \u2014 during the school year, we send it weekly to your email.<\/p>\n<\/blockquote>\n\n\n\n<div class=\"wp-block-stackable-columns stk-block-columns stk-block stk-6ba37ba\" data-block-id=\"6ba37ba\"><style>.stk-6ba37ba {margin-bottom:41px !important;}.stk-6ba37ba-column{--stk-column-gap:var(--stk--preset--spacing--70, 3.38rem) !important;flex-wrap:wrap !important;--stk-flex-grow:0 !important;}<\/style><div class=\"stk-row stk-inner-blocks stk-block-content stk-content-align stk-6ba37ba-column\">\n<div class=\"wp-block-stackable-column stk-block-column stk-column stk-block stk-9df8f18 stk-block-background\" data-v=\"4\" data-block-id=\"9df8f18\"><style>.stk-9df8f18 {background-color:var(--theme-palette-color-5, #edeff2) !important;border-top-left-radius:var(--stk--preset--border-radius--x-large, 24px) !important;border-top-right-radius:var(--stk--preset--border-radius--x-large, 24px) !important;border-bottom-right-radius:var(--stk--preset--border-radius--x-large, 24px) !important;border-bottom-left-radius:var(--stk--preset--border-radius--x-large, 24px) !important;overflow:hidden !important;margin-right:var(--stk--preset--spacing--none, 0px) !important;}.stk-9df8f18:before{background-color:var(--theme-palette-color-5, #edeff2) !important;}<\/style><div class=\"stk-column-wrapper stk-block-column__content stk-container stk-9df8f18-container stk--no-background stk--no-padding\"><div class=\"has-text-align-center stk-block-content stk-inner-blocks stk-9df8f18-inner-blocks\">\n<p class=\"has-x-large-font-size\"><\/p>\n\n\n<\/div><\/div><\/div>\n\n\n\n<div class=\"wp-block-stackable-column stk-block-column stk-column stk-block stk-8861d7b stk-block-background\" data-v=\"4\" data-block-id=\"8861d7b\"><style>.stk-8861d7b {background-color:var(--theme-palette-color-5, #edeff2) !important;border-top-left-radius:var(--stk--preset--border-radius--x-large, 24px) !important;border-top-right-radius:var(--stk--preset--border-radius--x-large, 24px) !important;border-bottom-right-radius:var(--stk--preset--border-radius--x-large, 24px) !important;border-bottom-left-radius:var(--stk--preset--border-radius--x-large, 24px) !important;overflow:hidden !important;margin-right:var(--stk--preset--spacing--none, 0px) !important;}.stk-8861d7b:before{background-color:var(--theme-palette-color-5, #edeff2) !important;}<\/style><div class=\"stk-column-wrapper stk-block-column__content stk-container stk-8861d7b-container stk--no-background stk--no-padding\"><div class=\"has-text-align-center stk-block-content stk-inner-blocks stk-8861d7b-inner-blocks\">\n<p class=\"has-x-large-font-size\"><strong>2026<\/strong><\/p>\n\n\n\n<div style=\"text-align: center; font-size: 1.5em; line-height: 1.9;\">\n<div><a href=\"https:\/\/kosicebaptist.sk\/wp-content\/uploads\/media\/pdf\/spravodaj\/2026\/Spr2604.pdf\">April<\/a><\/div>\n<div><a href=\"https:\/\/kosicebaptist.sk\/wp-content\/uploads\/media\/pdf\/spravodaj\/2026\/Spr2603.pdf\">March<\/a><\/div>\n<div><a href=\"https:\/\/kosicebaptist.sk\/wp-content\/uploads\/media\/pdf\/spravodaj\/2026\/Spr2602.pdf\">February<\/a><\/div>\n<div><a href=\"https:\/\/kosicebaptist.sk\/wp-content\/uploads\/media\/pdf\/spravodaj\/2026\/Spr2601.pdf\">January<\/a><\/div>\n<\/div>\n<\/div><\/div><\/div>\n\n\n\n<div class=\"wp-block-stackable-column stk-block-column stk-column stk-block stk-61462d4 stk-block-background\" data-v=\"4\" data-block-id=\"61462d4\"><style>.stk-61462d4 {background-color:var(--theme-palette-color-5, #edeff2) !important;border-top-left-radius:var(--stk--preset--border-radius--x-large, 24px) !important;border-top-right-radius:var(--stk--preset--border-radius--x-large, 24px) !important;border-bottom-right-radius:var(--stk--preset--border-radius--x-large, 24px) !important;border-bottom-left-radius:var(--stk--preset--border-radius--x-large, 24px) !important;overflow:hidden !important;margin-right:var(--stk--preset--spacing--none, 0px) !important;}.stk-61462d4:before{background-color:var(--theme-palette-color-5, #edeff2) !important;}<\/style><div class=\"stk-column-wrapper stk-block-column__content stk-container stk-61462d4-container stk--no-background stk--no-padding\"><div class=\"has-text-align-center stk-block-content stk-inner-blocks stk-61462d4-inner-blocks\">\n<p class=\"has-x-large-font-size\"><\/p>\n\n\n<\/div><\/div><\/div>\n<\/div><\/div>\n\n\n\n<div class=\"wp-block-stackable-columns stk-block-columns stk-block stk-7e64a07\" data-block-id=\"7e64a07\"><style>.stk-7e64a07 {margin-bottom:41px !important;}.stk-7e64a07-column{--stk-column-gap:var(--stk--preset--spacing--70, 3.38rem) !important;flex-wrap:wrap !important;--stk-flex-grow:0 !important;}<\/style><div class=\"stk-row stk-inner-blocks stk-block-content stk-content-align stk-7e64a07-column\">\n<div class=\"wp-block-stackable-column stk-block-column stk-column stk-block stk-b7d92cb stk-block-background\" data-v=\"4\" data-block-id=\"b7d92cb\"><style>.stk-b7d92cb {background-color:var(--theme-palette-color-5, #edeff2) !important;border-top-left-radius:var(--stk--preset--border-radius--x-large, 24px) !important;border-top-right-radius:var(--stk--preset--border-radius--x-large, 24px) !important;border-bottom-right-radius:var(--stk--preset--border-radius--x-large, 24px) !important;border-bottom-left-radius:var(--stk--preset--border-radius--x-large, 24px) !important;overflow:hidden !important;margin-right:var(--stk--preset--spacing--none, 0px) !important;}.stk-b7d92cb:before{background-color:var(--theme-palette-color-5, #edeff2) !important;}<\/style><div class=\"stk-column-wrapper stk-block-column__content stk-container stk-b7d92cb-container stk--no-background stk--no-padding\"><div class=\"has-text-align-center stk-block-content stk-inner-blocks stk-b7d92cb-inner-blocks\">\n<p class=\"has-x-large-font-size\"><strong>2025<\/strong><\/p>\n\n\n\n<div style=\"text-align: center; font-size: 1.5em; line-height: 1.9;\">\n<div><a href=\"https:\/\/kosicebaptist.sk\/wp-content\/uploads\/media\/pdf\/spravodaj\/2025\/Spr2512.pdf\">December<\/a><\/div>\n<div><a href=\"https:\/\/kosicebaptist.sk\/wp-content\/uploads\/media\/pdf\/spravodaj\/2025\/Spr2511.pdf\">November<\/a><\/div>\n<div><a href=\"https:\/\/kosicebaptist.sk\/wp-content\/uploads\/media\/pdf\/spravodaj\/2025\/Spr2510.pdf\">October<\/a><\/div>\n<div><a href=\"https:\/\/kosicebaptist.sk\/wp-content\/uploads\/media\/pdf\/spravodaj\/2025\/Spr2509.pdf\">September<\/a><\/div>\n<div><a href=\"https:\/\/kosicebaptist.sk\/wp-content\/uploads\/media\/pdf\/spravodaj\/2025\/Spr2508.pdf\">August<\/a><\/div>\n  <div><a href=\"https:\/\/kosicebaptist.sk\/wp-content\/uploads\/media\/pdf\/spravodaj\/2025\/Spr2507.pdf\">July<\/a><\/div>\n  <div><a href=\"https:\/\/kosicebaptist.sk\/wp-content\/uploads\/media\/pdf\/spravodaj\/2025\/Spr2506.pdf\">June<\/a><\/div>\n  <div><a href=\"https:\/\/kosicebaptist.sk\/wp-content\/uploads\/media\/pdf\/spravodaj\/2025\/Spr2505.pdf\">May<\/a><\/div>\n  <div><a href=\"https:\/\/kosicebaptist.sk\/wp-content\/uploads\/media\/pdf\/spravodaj\/2025\/Spr2504.pdf\">April<\/a><\/div>\n  <div><a href=\"https:\/\/kosicebaptist.sk\/wp-content\/uploads\/media\/pdf\/spravodaj\/2025\/Spr2503.pdf\">March<\/a><\/div>\n  <div><a href=\"https:\/\/kosicebaptist.sk\/wp-content\/uploads\/media\/pdf\/spravodaj\/2025\/Spr2502.pdf\">February<\/a><\/div>\n  <div><a href=\"https:\/\/kosicebaptist.sk\/wp-content\/uploads\/media\/pdf\/spravodaj\/2025\/Spr2501.pdf\">January<\/a><\/div>\n<\/div>\n<\/div><\/div><\/div>\n\n\n\n<div class=\"wp-block-stackable-column stk-block-column stk-column stk-block stk-ec8381c stk-block-background\" data-v=\"4\" data-block-id=\"ec8381c\"><style>.stk-ec8381c {background-color:var(--theme-palette-color-5, #edeff2) !important;border-top-left-radius:var(--stk--preset--border-radius--x-large, 24px) !important;border-top-right-radius:var(--stk--preset--border-radius--x-large, 24px) !important;border-bottom-right-radius:var(--stk--preset--border-radius--x-large, 24px) !important;border-bottom-left-radius:var(--stk--preset--border-radius--x-large, 24px) !important;overflow:hidden !important;margin-right:var(--stk--preset--spacing--none, 0px) !important;}.stk-ec8381c:before{background-color:var(--theme-palette-color-5, #edeff2) !important;}<\/style><div class=\"stk-column-wrapper stk-block-column__content stk-container stk-ec8381c-container stk--no-background stk--no-padding\"><div class=\"has-text-align-center stk-block-content stk-inner-blocks stk-ec8381c-inner-blocks\">\n<p class=\"has-x-large-font-size\"><strong>2024<\/strong><\/p>\n\n\n\n<div style=\"text-align: center; font-size: 1.5em; line-height: 1.9;\">\n  <div><a href=\"https:\/\/kosicebaptist.sk\/wp-content\/uploads\/media\/pdf\/spravodaj\/2024\/Spr2412.pdf\">December<\/a><\/div>\n  <div><a href=\"https:\/\/kosicebaptist.sk\/wp-content\/uploads\/media\/pdf\/spravodaj\/2024\/Spr2411.pdf\">November<\/a><\/div>\n  <div><a href=\"https:\/\/kosicebaptist.sk\/wp-content\/uploads\/media\/pdf\/spravodaj\/2024\/Spr2410.pdf\">October<\/a><\/div>\n  <div><a href=\"https:\/\/kosicebaptist.sk\/wp-content\/uploads\/media\/pdf\/spravodaj\/2024\/Spr2409.pdf\">September<\/a><\/div>\n  <div><a href=\"https:\/\/kosicebaptist.sk\/wp-content\/uploads\/media\/pdf\/spravodaj\/2024\/Spr2407-08.pdf\">July-August<\/a><\/div>\n  <div><a href=\"https:\/\/kosicebaptist.sk\/wp-content\/uploads\/media\/pdf\/spravodaj\/2024\/Spr2406.pdf\">June<\/a><\/div>\n  <div><a href=\"https:\/\/kosicebaptist.sk\/wp-content\/uploads\/media\/pdf\/spravodaj\/2024\/Spr2405.pdf\">May<\/a><\/div>\n  <div><a href=\"https:\/\/kosicebaptist.sk\/wp-content\/uploads\/media\/pdf\/spravodaj\/2024\/Spr2404.pdf\">April<\/a><\/div>\n  <div><a href=\"https:\/\/kosicebaptist.sk\/wp-content\/uploads\/media\/pdf\/spravodaj\/2024\/Spr2403.pdf\">March<\/a><\/div>\n  <div><a href=\"https:\/\/kosicebaptist.sk\/wp-content\/uploads\/media\/pdf\/spravodaj\/2024\/Spr2402.pdf\">February<\/a><\/div>\n  <div><a href=\"https:\/\/kosicebaptist.sk\/wp-content\/uploads\/media\/pdf\/spravodaj\/2024\/Spr2401.pdf\">January<\/a><\/div>\n<\/div>\n<\/div><\/div><\/div>\n\n\n\n<div class=\"wp-block-stackable-column stk-block-column stk-column stk-block stk-f1509ff stk-block-background\" data-v=\"4\" data-block-id=\"f1509ff\"><style>.stk-f1509ff {background-color:var(--theme-palette-color-5, #edeff2) !important;border-top-left-radius:var(--stk--preset--border-radius--x-large, 24px) !important;border-top-right-radius:var(--stk--preset--border-radius--x-large, 24px) !important;border-bottom-right-radius:var(--stk--preset--border-radius--x-large, 24px) !important;border-bottom-left-radius:var(--stk--preset--border-radius--x-large, 24px) !important;overflow:hidden !important;margin-right:var(--stk--preset--spacing--none, 0px) !important;}.stk-f1509ff:before{background-color:var(--theme-palette-color-5, #edeff2) !important;}<\/style><div class=\"stk-column-wrapper stk-block-column__content stk-container stk-f1509ff-container stk--no-background stk--no-padding\"><div class=\"has-text-align-center stk-block-content stk-inner-blocks stk-f1509ff-inner-blocks\">\n<p class=\"has-x-large-font-size\"><strong>2023<\/strong><\/p>\n\n\n\n<div style=\"text-align: center; font-size: 1.5em; line-height: 1.9;\">\n  <div><a href=\"https:\/\/kosicebaptist.sk\/wp-content\/uploads\/media\/pdf\/spravodaj\/2023\/Spr2312.pdf\">December<\/a><\/div>\n  <div><a href=\"https:\/\/kosicebaptist.sk\/wp-content\/uploads\/media\/pdf\/spravodaj\/2023\/Spr2311.pdf\">November<\/a><\/div>\n  <div><a href=\"https:\/\/kosicebaptist.sk\/wp-content\/uploads\/media\/pdf\/spravodaj\/2023\/Spr2310.pdf\">October<\/a><\/div>\n  <div><a href=\"https:\/\/kosicebaptist.sk\/wp-content\/uploads\/media\/pdf\/spravodaj\/2023\/Spr2309.pdf\">September<\/a><\/div>\n  <div><a href=\"https:\/\/kosicebaptist.sk\/wp-content\/uploads\/media\/pdf\/spravodaj\/2023\/Spr2308.pdf\">August<\/a><\/div>\n  <div><a href=\"https:\/\/kosicebaptist.sk\/wp-content\/uploads\/media\/pdf\/spravodaj\/2023\/Spr2307.pdf\">July<\/a><\/div>\n  <div><a href=\"https:\/\/kosicebaptist.sk\/wp-content\/uploads\/media\/pdf\/spravodaj\/2023\/Spr2306.pdf\">June<\/a><\/div>\n  <div><a href=\"https:\/\/kosicebaptist.sk\/wp-content\/uploads\/media\/pdf\/spravodaj\/2023\/Spr2305.pdf\">May<\/a><\/div>\n  <div><a href=\"https:\/\/kosicebaptist.sk\/wp-content\/uploads\/media\/pdf\/spravodaj\/2023\/Spr2304.pdf\">April<\/a><\/div>\n  <div><a href=\"https:\/\/kosicebaptist.sk\/wp-content\/uploads\/media\/pdf\/spravodaj\/2023\/Spr2303.pdf\">March<\/a><\/div>\n  <div><a href=\"https:\/\/kosicebaptist.sk\/wp-content\/uploads\/media\/pdf\/spravodaj\/2023\/Spr2302.pdf\">February<\/a><\/div>\n  <div><a href=\"https:\/\/kosicebaptist.sk\/wp-content\/uploads\/media\/pdf\/spravodaj\/2023\/Spr2301.pdf\">January<\/a><\/div>\n<\/div>\n<\/div><\/div><\/div>\n<\/div><\/div>\n\n\n\n<div class=\"wp-block-stackable-columns stk-block-columns stk-block stk-82b3201\" data-block-id=\"82b3201\"><style>.stk-82b3201-column{--stk-column-gap:var(--stk--preset--spacing--70, 3.38rem) !important;}<\/style><div class=\"stk-row stk-inner-blocks stk-block-content stk-content-align stk-82b3201-column\">\n<div class=\"wp-block-stackable-column stk-block-column stk-column stk-block stk-4dd0c92 stk-block-background\" data-v=\"4\" data-block-id=\"4dd0c92\"><style>.stk-4dd0c92 {background-color:var(--theme-palette-color-5, #edeff2) !important;border-top-left-radius:var(--stk--preset--border-radius--x-large, 24px) !important;border-top-right-radius:var(--stk--preset--border-radius--x-large, 24px) !important;border-bottom-right-radius:var(--stk--preset--border-radius--x-large, 24px) !important;border-bottom-left-radius:var(--stk--preset--border-radius--x-large, 24px) !important;overflow:hidden !important;margin-right:var(--stk--preset--spacing--none, 0px) !important;}.stk-4dd0c92:before{background-color:var(--theme-palette-color-5, #edeff2) !important;}<\/style><div class=\"stk-column-wrapper stk-block-column__content stk-container stk-4dd0c92-container stk--no-background stk--no-padding\"><div class=\"has-text-align-center stk-block-content stk-inner-blocks stk-4dd0c92-inner-blocks\">\n<p class=\"has-x-large-font-size\"><strong>2022<\/strong><\/p>\n\n\n\n<div style=\"text-align: center; font-size: 1.5em; line-height: 1.9;\">\n  <div><a href=\"https:\/\/kosicebaptist.sk\/wp-content\/uploads\/media\/pdf\/spravodaj\/2022\/Spravodaj-2212.pdf\">December<\/a><\/div>\n  <div><a href=\"https:\/\/kosicebaptist.sk\/wp-content\/uploads\/media\/pdf\/spravodaj\/2022\/Spravodaj-2211.pdf\">November<\/a><\/div>\n  <div><a href=\"https:\/\/kosicebaptist.sk\/wp-content\/uploads\/media\/pdf\/spravodaj\/2022\/Spravodaj-2210.pdf\">October<\/a><\/div>\n  <div><a href=\"https:\/\/kosicebaptist.sk\/wp-content\/uploads\/media\/pdf\/spravodaj\/2022\/Spravodaj-2209.pdf\">September<\/a><\/div>\n  <div><a href=\"https:\/\/kosicebaptist.sk\/wp-content\/uploads\/media\/pdf\/spravodaj\/2022\/Spravodaj-22078.pdf\">July-August<\/a><\/div>\n  <div><a href=\"https:\/\/kosicebaptist.sk\/wp-content\/uploads\/media\/pdf\/spravodaj\/2022\/Spravodaj-2206.pdf\">June<\/a><\/div>\n  <div><a href=\"https:\/\/kosicebaptist.sk\/wp-content\/uploads\/media\/pdf\/spravodaj\/2022\/Spravodaj-2205.pdf\">May<\/a><\/div>\n  <div><a href=\"https:\/\/kosicebaptist.sk\/wp-content\/uploads\/media\/pdf\/spravodaj\/2022\/Spravodaj-2204.pdf\">April<\/a><\/div>\n  <div><a href=\"https:\/\/kosicebaptist.sk\/wp-content\/uploads\/media\/pdf\/spravodaj\/2022\/Spravodaj-2203.pdf\">March<\/a><\/div>\n  <div><a href=\"https:\/\/kosicebaptist.sk\/wp-content\/uploads\/media\/pdf\/spravodaj\/2022\/Spravodaj-2202.pdf\">February<\/a><\/div>\n  <div><a href=\"https:\/\/kosicebaptist.sk\/wp-content\/uploads\/media\/pdf\/spravodaj\/2022\/Spravodaj-2201.pdf\">January<\/a><\/div>\n<\/div>\n<\/div><\/div><\/div>\n\n\n\n<div class=\"wp-block-stackable-column stk-block-column stk-column stk-block stk-f6d62b6 stk-block-background\" data-v=\"4\" data-block-id=\"f6d62b6\"><style>.stk-f6d62b6 {background-color:var(--theme-palette-color-5, #edeff2) !important;border-top-left-radius:var(--stk--preset--border-radius--x-large, 24px) !important;border-top-right-radius:var(--stk--preset--border-radius--x-large, 24px) !important;border-bottom-right-radius:var(--stk--preset--border-radius--x-large, 24px) !important;border-bottom-left-radius:var(--stk--preset--border-radius--x-large, 24px) !important;overflow:hidden !important;margin-right:var(--stk--preset--spacing--none, 0px) !important;}.stk-f6d62b6:before{background-color:var(--theme-palette-color-5, #edeff2) !important;}<\/style><div class=\"stk-column-wrapper stk-block-column__content stk-container stk-f6d62b6-container stk--no-background stk--no-padding\"><div class=\"has-text-align-center stk-block-content stk-inner-blocks stk-f6d62b6-inner-blocks\">\n<p class=\"has-x-large-font-size\"><strong>2021<\/strong><\/p>\n\n\n\n<div style=\"text-align: center; font-size: 1.5em; line-height: 1.9;\">\n  <div><a href=\"https:\/\/kosicebaptist.sk\/wp-content\/uploads\/media\/pdf\/spravodaj\/2021\/Spravodaj-2112.pdf\">December<\/a><\/div>\n  <div><a href=\"https:\/\/kosicebaptist.sk\/wp-content\/uploads\/media\/pdf\/spravodaj\/2021\/Spravodaj-2111.pdf\">November<\/a><\/div>\n  <div><a href=\"https:\/\/kosicebaptist.sk\/wp-content\/uploads\/media\/pdf\/spravodaj\/2021\/Spravodaj-2110.pdf\">October<\/a><\/div>\n  <div><a href=\"https:\/\/kosicebaptist.sk\/wp-content\/uploads\/media\/pdf\/spravodaj\/2021\/Spravodaj-2109.pdf\">September<\/a><\/div>\n  <div><a href=\"https:\/\/kosicebaptist.sk\/wp-content\/uploads\/media\/pdf\/spravodaj\/2021\/Spravodaj-2107_08.pdf\">July-August<\/a><\/div>\n  <div><a href=\"https:\/\/kosicebaptist.sk\/wp-content\/uploads\/media\/pdf\/spravodaj\/2021\/Spravodaj-2106.pdf\">June<\/a><\/div>\n  <div><a href=\"https:\/\/kosicebaptist.sk\/wp-content\/uploads\/media\/pdf\/spravodaj\/2021\/Spravodaj-2105.pdf\">May<\/a><\/div>\n  <div><a href=\"https:\/\/kosicebaptist.sk\/wp-content\/uploads\/media\/pdf\/spravodaj\/2021\/Spravodaj-2104.pdf\">April<\/a><\/div>\n  <div><a href=\"https:\/\/kosicebaptist.sk\/wp-content\/uploads\/media\/pdf\/spravodaj\/2021\/Spravodaj-2103.pdf\">March<\/a><\/div>\n  <div><a href=\"https:\/\/kosicebaptist.sk\/wp-content\/uploads\/media\/pdf\/spravodaj\/2021\/Spravodaj-2102.pdf\">February<\/a><\/div>\n  <div><a href=\"https:\/\/kosicebaptist.sk\/wp-content\/uploads\/media\/pdf\/spravodaj\/2021\/Spravodaj-2101.pdf\">January<\/a><\/div>\n<\/div>\n<\/div><\/div><\/div>\n\n\n\n<div class=\"wp-block-stackable-column stk-block-column stk-column stk-block stk-93ed308 stk-block-background\" data-v=\"4\" data-block-id=\"93ed308\"><style>.stk-93ed308 {background-color:var(--theme-palette-color-5, #edeff2) !important;border-top-left-radius:var(--stk--preset--border-radius--x-large, 24px) !important;border-top-right-radius:var(--stk--preset--border-radius--x-large, 24px) !important;border-bottom-right-radius:var(--stk--preset--border-radius--x-large, 24px) !important;border-bottom-left-radius:var(--stk--preset--border-radius--x-large, 24px) !important;overflow:hidden !important;margin-right:var(--stk--preset--spacing--none, 0px) !important;}.stk-93ed308:before{background-color:var(--theme-palette-color-5, #edeff2) !important;}<\/style><div class=\"stk-column-wrapper stk-block-column__content stk-container stk-93ed308-container stk--no-background stk--no-padding\"><div class=\"has-text-align-center stk-block-content stk-inner-blocks stk-93ed308-inner-blocks\">\n<p class=\"has-x-large-font-size\"><strong>2020<\/strong><\/p>\n\n\n\n<div style=\"text-align: center; font-size: 1.5em; line-height: 1.9;\">\n  <div><a href=\"https:\/\/kosicebaptist.sk\/wp-content\/uploads\/media\/pdf\/spravodaj\/2020\/Spravodaj-2012.pdf\">December<\/a><\/div>\n  <div>November<\/div>\n  <div><a href=\"https:\/\/kosicebaptist.sk\/wp-content\/uploads\/media\/pdf\/spravodaj\/2020\/Spravodaj-2010.pdf\">October<\/a><\/div>\n  <div><a href=\"https:\/\/kosicebaptist.sk\/wp-content\/uploads\/media\/pdf\/spravodaj\/2020\/Spravodaj-2009.pdf\">September<\/a><\/div>\n  <div><a href=\"https:\/\/kosicebaptist.sk\/wp-content\/uploads\/media\/pdf\/spravodaj\/2020\/Spravodaj-2007-08.pdf\">July-August<\/a><\/div>\n  <div><a href=\"https:\/\/kosicebaptist.sk\/wp-content\/uploads\/media\/pdf\/spravodaj\/2020\/Spravodaj-2006.pdf\">June<\/a><\/div>\n  <div>May<\/div>\n  <div>April<\/div>\n  <div><a href=\"https:\/\/kosicebaptist.sk\/wp-content\/uploads\/media\/pdf\/spravodaj\/2020\/Spravodaj-2003.pdf\">March<\/a><\/div>\n  <div><a href=\"https:\/\/kosicebaptist.sk\/wp-content\/uploads\/media\/pdf\/spravodaj\/2020\/Spravodaj-2002.pdf\">February<\/a><\/div>\n  <div><a href=\"https:\/\/kosicebaptist.sk\/wp-content\/uploads\/media\/pdf\/spravodaj\/2020\/Spravodaj-2001.pdf\">January<\/a><\/div>\n<\/div>\n<\/div><\/div><\/div>\n<\/div><\/div>","protected":false},"excerpt":{"rendered":"<p>Stiahnite si zborov\u00fd spravodaj v pdf form\u00e1te do po\u010d\u00edta\u010da. Inform\u00e1cie o aktivit\u00e1ch s\u00fa orienta\u010dn\u00e9, pripravuj\u00fa sa mesiac vopred. Pre viac inform\u00e1cii sa prihl\u00e1ste na odber Newslettera, po\u010das \u0161kolsk\u00e9ho roka ho zasielame t\u00fd\u017edenne na v\u00e1\u0161 email. 2026 Apr\u00edl Marec Febru\u00e1r Janu\u00e1r 2025 December November Okt\u00f3ber September August J\u00fal J\u00fan M\u00e1j Apr\u00edl Marec Febru\u00e1r Janu\u00e1r 2024 December [&hellip;]<\/p>\n","protected":false},"author":1,"featured_media":0,"parent":0,"menu_order":0,"comment_status":"closed","ping_status":"closed","template":"","meta":{"_seopress_robots_primary_cat":"","_seopress_titles_title":"","_seopress_titles_desc":"","_seopress_robots_index":"","footnotes":""},"class_list":["post-24938","page","type-page","status-publish","hentry"],"blocksy_meta":[],"_links":{"self":[{"href":"https:\/\/kosicebaptist.sk\/en\/wp-json\/wp\/v2\/pages\/24938","targetHints":{"allow":["GET"]}}],"collection":[{"href":"https:\/\/kosicebaptist.sk\/en\/wp-json\/wp\/v2\/pages"}],"about":[{"href":"https:\/\/kosicebaptist.sk\/en\/wp-json\/wp\/v2\/types\/page"}],"author":[{"embeddable":true,"href":"https:\/\/kosicebaptist.sk\/en\/wp-json\/wp\/v2\/users\/1"}],"replies":[{"embeddable":true,"href":"https:\/\/kosicebaptist.sk\/en\/wp-json\/wp\/v2\/comments?post=24938"}],"version-history":[{"count":19,"href":"https:\/\/kosicebaptist.sk\/en\/wp-json\/wp\/v2\/pages\/24938\/revisions"}],"predecessor-version":[{"id":26494,"href":"https:\/\/kosicebaptist.sk\/en\/wp-json\/wp\/v2\/pages\/24938\/revisions\/26494"}],"wp:attachment":[{"href":"https:\/\/kosicebaptist.sk\/en\/wp-json\/wp\/v2\/media?parent=24938"}],"curies":[{"name":"wp","href":"https:\/\/api.w.org\/{rel}","templated":true}]}}