{"id":25857,"date":"2025-09-26T08:21:39","date_gmt":"2025-09-26T06:21:39","guid":{"rendered":"https:\/\/kosicebaptist.sk\/?page_id=25857"},"modified":"2025-09-26T09:02:43","modified_gmt":"2025-09-26T07:02:43","slug":"ako-citat-bibliu","status":"publish","type":"page","link":"https:\/\/kosicebaptist.sk\/en\/ako-citat-bibliu","title":{"rendered":"How to read Bible"},"content":{"rendered":"<div class=\"wp-block-stackable-columns alignwide stk-block-columns stk-block stk-f5554c3 stk-block-background stk--has-background-overlay\" data-block-id=\"f5554c3\"><style>.stk-f5554c3 {background-color:var(--theme-palette-color-3, #5a5a5a) !important;background-image:url(https:\/\/kosicebaptist.sk\/wp-content\/uploads\/2025\/09\/ako-citat-bibliu-ako-studovat-porozumenie-1.webp) !important;background-attachment:fixed !important;background-position:center center !important;background-repeat:no-repeat !important;background-size:cover !important;border-top-left-radius:25px !important;border-top-right-radius:25px !important;border-bottom-right-radius:25px !important;border-bottom-left-radius:25px !important;overflow:hidden !important;padding-top:175px !important;padding-right:60px !important;padding-bottom:93px !important;padding-left:62px !important;margin-top:var(u002du002dstku002du002dpresetu002du002dspacingu002du002dnone, 0px) !important;margin-bottom:0px !important;}.stk-f5554c3:before{background-color:var(--theme-palette-color-3, #5a5a5a) !important;opacity:0.4 !important;}@media screen and (max-width:689px){.stk-f5554c3 {padding-top:100px !important;padding-right:25px !important;padding-bottom:60px !important;padding-left:25px !important;}}<\/style><div class=\"stk-row stk-inner-blocks has-text-align-center-tablet has-text-align-center-mobile stk-block-content stk-content-align stk-f5554c3-column alignwide\">\n<div class=\"wp-block-stackable-column stk-block-column stk-column stk-block stk-3f739b8\" data-v=\"4\" data-block-id=\"3f739b8\"><style>.stk-3f739b8-container{margin-top:0px !important;margin-right:0px !important;margin-bottom:0px !important;margin-left:0px !important;}<\/style><div class=\"stk-column-wrapper stk-block-column__content stk-container stk-3f739b8-container stk--no-background stk--no-padding\"><div class=\"stk-block-content stk-inner-blocks stk-3f739b8-inner-blocks\">\n<div class=\"wp-block-stackable-icon stk-block-icon stk-block stk-f86c9a4\" data-block-id=\"f86c9a4\"><style>.stk-f86c9a4 {top:53px !important;}.stk-f86c9a4 .stk--svg-wrapper .stk--inner-svg svg:last-child{height:51px !important;width:51px !important;}.stk-f86c9a4 .stk--svg-wrapper .stk--inner-svg svg:last-child, .stk-f86c9a4 .stk--svg-wrapper .stk--inner-svg svg:last-child :is(g, path, rect, polygon, ellipse){fill:var(--theme-palette-color-2, #F7A145) !important;}@media screen and (max-width:689px){.stk-f86c9a4 .stk--svg-wrapper .stk--inner-svg svg:last-child{height:30px !important;width:30px !important;}}<\/style><span class=\"stk--svg-wrapper\"><div class=\"stk--inner-svg\"><svg style=\"height:0;width:0\"><defs><lineargradient id=\"linear-gradient-f86c9a4\" x1=\"0\" x2=\"100%\" y1=\"0\" y2=\"0\"><stop offset=\"0%\" style=\"stop-opacity:1;stop-color:var(--linear-gradient-f-86-c-9-a-4-color-1)\"><\/stop><stop offset=\"100%\" style=\"stop-opacity:1;stop-color:var(--linear-gradient-f-86-c-9-a-4-color-2)\"><\/stop><\/lineargradient><\/defs><\/svg><svg xmlns=\"http:\/\/www.w3.org\/2000\/svg\" viewbox=\"0 0 448 512\" aria-hidden=\"true\" width=\"32\" height=\"32\"><path d=\"M0 96C0 60.7 28.7 32 64 32H384c35.3 0 64 28.7 64 64V416c0 35.3-28.7 64-64 64H64c-35.3 0-64-28.7-64-64V96z\"><\/path><\/svg><\/div><\/span><\/div>\n\n\n\n<div class=\"wp-block-stackable-heading stk-block-heading stk-block-heading--v2 stk-block stk-ba93f5b\" id=\"ako-citat-bibliu\" data-block-id=\"ba93f5b\"><style>.stk-ba93f5b {max-width:75% !important;min-width:auto !important;margin-bottom:0px !important;top:43px !important;}.stk-ba93f5b .stk-block-heading__text{font-size:100px !important;color:var(u002du002dtheme-palette-color-8, #ffffff) !important;line-height:1.1em !important;text-transform:uppercase !important;}@media screen and (max-width:999px){.stk-ba93f5b {max-width:100% !important;min-width:auto !important;top:60px !important;}.stk-ba93f5b .stk-block-heading__text{font-size:40px !important;}}@media screen and (max-width:689px){.stk-ba93f5b {top:36px !important;}.stk-ba93f5b .stk-block-heading__text{font-size:30px !important;}}<\/style><h2 class=\"stk-block-heading__text has-text-color has-palette-color-8-color\">How to read Bible<\/h2><\/div>\n<\/div><\/div><\/div>\n<\/div><\/div>\n\n\n\n<div class=\"wp-block-stackable-spacer stk-block-spacer stk--no-padding stk-block stk-351fd8a\" data-block-id=\"351fd8a\"><style>.stk-351fd8a {height:27px !important;}@media screen and (max-width:999px){.stk-351fd8a {height:70px !important;}}<\/style><\/div>\n\n\n\n<div class=\"wp-block-stackable-columns stk-block-columns stk-block stk-41098bc\" data-block-id=\"41098bc\"><div class=\"stk-row stk-inner-blocks stk-block-content stk-content-align stk-41098bc-column\">\n<div class=\"wp-block-stackable-column stk-block-column stk-column stk-block stk-4985ed4\" data-v=\"4\" data-block-id=\"4985ed4\"><div class=\"stk-column-wrapper stk-block-column__content stk-container stk-4985ed4-container stk--no-background stk--no-padding\"><div class=\"stk-block-content stk-inner-blocks stk-4985ed4-inner-blocks\">\n<div class=\"wp-block-stackable-columns stk-block-columns stk-block stk-2ef8d74\" data-block-id=\"2ef8d74\"><style>.stk-2ef8d74 .stk--block-align-2ef8d74{align-items:center !important;}.stk-2ef8d74 {margin-bottom:78px !important;}.stk-2ef8d74-column{--stk-column-gap:70px !important;row-gap:50px !important;}<\/style><div class=\"stk-row stk-inner-blocks stk--block-align-2ef8d74 stk-block-content stk-content-align stk-2ef8d74-column\">\n<div class=\"wp-block-stackable-column stk-block-column stk-column stk-block stk-b3ddcb3\" data-v=\"4\" data-block-id=\"b3ddcb3\"><style>.stk-b3ddcb3-container{margin-top:0px !important;margin-right:0px !important;margin-bottom:0px !important;margin-left:0px !important;}<\/style><div class=\"stk-column-wrapper stk-block-column__content stk-container stk-b3ddcb3-container stk--no-background stk--no-padding\"><div class=\"has-text-align-center-mobile stk-block-content stk-inner-blocks stk-b3ddcb3-inner-blocks\">\n<h2 class=\"wp-block-heading\">How to Read the Bible: Understanding God\u2019s Word Correctly<\/h2>\n\n\n\n<hr class=\"wp-block-separator has-alpha-channel-opacity\"\/>\n\n\n\n<p>Reading the Bible is the cornerstone of the Christian life. However, it is not enough just to open it and read \u2013 what is important is to understand it correctly. <strong>porozumie\u0165 a vyklada\u0165<\/strong>. Cie\u013eom nie je n\u00e1js\u0165 subjekt\u00edvny v\u00fdznam pre seba, ale h\u013eada\u0165 to, \u010do <strong>autor p\u00f4vodne zam\u00fd\u0161\u013eal<\/strong> a \u010do n\u00e1m Boh cez svoje Slovo hovor\u00ed dnes.<\/p>\n\n\n\n<h2 class=\"wp-block-heading\">Scripture interprets Scripture.<\/h2>\n\n\n\n<p>The Bible is the unified Word of God, and the best interpretation of one passage is another passage. When a verse seems unclear, it should be read in the context of <strong>kontexte<\/strong>:<\/p>\n\n\n\n<ul class=\"wp-block-list\">\n<li>first in the context of the chapter and the book,<\/li>\n\n\n\n<li>then within the context of the entire biblical narrative.<\/li>\n<\/ul>\n\n\n\n<blockquote class=\"wp-block-quote is-layout-flow wp-block-quote-is-layout-flow\">\n<p>\u201cAll Scripture is God-breathed and useful for teaching, rebuking, correcting, and training in righteousness.\u201d (2 Timothy 3:16)<\/p>\n<\/blockquote>\n\n\n\n<div class=\"wp-block-stackable-spacer stk-block-spacer stk--no-padding stk-block stk-0e13c7e\" data-block-id=\"0e13c7e\"><\/div>\n\n\n\n<h2 class=\"wp-block-heading\">Steps for Reading the Bible Correctly<\/h2>\n\n\n\n<ol class=\"wp-block-list\">\n<li><strong>Pray<\/strong> \u2013 Ask the Holy Spirit to help you understand the text you are reading<\/li>\n\n\n\n<li><strong>Read in context<\/strong> \u2013 Read not just a single verse, but the entire chapter, and follow the context.<\/li>\n\n\n\n<li><strong>Pay attention to the genre<\/strong> \u2013 Poetry, epistles, law, gospel, or prophecy should be interpreted according to their literary form.<\/li>\n\n\n\n<li><strong>Compare Scripture with Scripture<\/strong> \u2013 Use cross-references that guide you to other passages with a similar theme.<\/li>\n\n\n\n<li><strong>Apply correctly<\/strong> - first ask: <em>What it meant for the original reader?<\/em> and then <em>How can I apply it into my life?<\/em><\/li>\n<\/ol>\n\n\n\n<h2 class=\"wp-block-heading\">Practical Bible reading tools<\/h2>\n\n\n\n<h3 class=\"wp-block-heading\">In Slovak<\/h3>\n\n\n\n<ul class=\"wp-block-list\">\n<li><a href=\"https:\/\/www.biblia.sk\/\">Biblia.sk<\/a> - ecumenical translation, Rohacek, SEB<\/li>\n\n\n\n<li><a href=\"https:\/\/www.bible.com\/sk\">YouVersion<\/a> mobile app with many Slovak translations<\/li>\n\n\n\n<li><em>Biblia SEB<\/em> - applicaation for Android and iOS<\/li>\n<\/ul>\n\n\n\n<h3 class=\"wp-block-heading\">in Czech<\/h3>\n\n\n\n<ul class=\"wp-block-list\">\n<li><a href=\"https:\/\/www.bible21.cz\/\">Bible21.cz<\/a> - modern translation Bible21<\/li>\n\n\n\n<li><a href=\"https:\/\/www.biblenet.cz\/\">Biblenet.cz<\/a> Czech ecumenical version, Kralick\u00e1<\/li>\n<\/ul>\n\n\n\n<h3 class=\"wp-block-heading\">In English<\/h3>\n\n\n\n<ul class=\"wp-block-list\">\n<li><a href=\"https:\/\/www.biblegateway.com\/\">BibleGateway.com<\/a> \u2013 Consult multiple translations, including parallel reading.<\/li>\n\n\n\n<li><a href=\"https:\/\/www.blueletterbible.org\/\">BlueLetterBible.org<\/a> -Greek and Hebrew textxt, commentary<\/li>\n\n\n\n<li><a href=\"https:\/\/www.stepbible.org\/\">StepBible.org<\/a> \u2013 Study systematically, including the original languages.<\/li>\n<\/ul>\n\n\n\n<h3 class=\"wp-block-heading\">Software<\/h3>\n\n\n\n<ul class=\"wp-block-list\">\n<li><a href=\"https:\/\/www.logos.com\/\">Logos Bible Software<\/a> complex, but with free version<\/li>\n\n\n\n<li><a href=\"https:\/\/www.e-sword.net\/\">e-Sword<\/a> freeware with commentaries<\/li>\n\n\n\n<li><a href=\"https:\/\/www.theword.net\/\">TheWord<\/a> \u2013 Free software with a decent library<\/li>\n<\/ul>\n\n\n\n<h2 class=\"wp-block-heading\">Recommended sources<\/h2>\n\n\n\n<ul class=\"wp-block-list\">\n<li><strong>Biblical Hermeneutics<\/strong> \u2013 Proper interpretation includes the original language, historical background, and literary genre (Sproul, <em>Knowing Scripture<\/em>).<\/li>\n\n\n\n<li><strong>Reformed approach<\/strong> \u2013 The Bible is its own interpreter (<em>Westminster Confession of Faith<\/em>, 1:9).<\/li>\n\n\n\n<li><strong>Helpful books<\/strong>: Gordon D. Fee &amp; Douglas Stuart \u2013 <em>How to Read the Bible for All Its Worth<\/em>.<\/li>\n<\/ul>\n\n\n\n<h2 class=\"wp-block-heading\">How to start a regular reading?<\/h2>\n\n\n\n<ul class=\"wp-block-list\">\n<li>Start with one book (e.g., the Gospel of Mark).<\/li>\n\n\n\n<li>Set a daily plan (e.g., using the YouVersion app). <a href=\"https:\/\/www.youversion.com\/the-bible-app\/\" target=\"_blank\" rel=\"noreferrer noopener\">YouVersion<\/a>).<\/li>\n\n\n\n<li>Take notes \u2013 what the text says about God, about humanity, and how it relates to Christ.<\/li>\n\n\n\n<li>\u010c\u00edtaj Bibliu v spolo\u010denstve \u2013 skupinov\u00e9 \u0161t\u00fadium pom\u00e1ha lep\u0161ie rozumie\u0165.<\/li>\n<\/ul>\n\n\n\n<hr class=\"wp-block-separator has-alpha-channel-opacity\"\/>\n\n\n\n<h3 class=\"wp-block-heading\">Conclusion<\/h3>\n\n\n\n<p>The Bible is not a book of secret codes to be interpreted according to personal feelings.It is the Word of God, which has an <strong>objective meaning<\/strong>If we read it with proper hermeneutics \u2013 in context, respecting literary forms, and relying on the Holy Spirit \u2013 it becomes alive for us and firmly roots us in Christ.<\/p>\n\n\n\n<hr class=\"wp-block-separator has-alpha-channel-opacity\"\/>\n\n\n\n<h3 class=\"wp-block-heading\">Recommended sources<\/h3>\n\n\n\n<ul class=\"wp-block-list\">\n<li>R. C. Sproul \u2013 <em>Knowing Scripture<\/em> (IVP, 1977)<\/li>\n\n\n\n<li>G. D. Fee &amp; D. Stuart \u2013 <em>How to Read the Bible for All Its Worth<\/em> (Zondervan, 2014)<\/li>\n\n\n\n<li><em>Westminster Confession of Faith<\/em>, kap. 1<\/li>\n\n\n\n<li><a href=\"https:\/\/www.biblia.sk\/\">biblia.sk<\/a>, <a href=\"https:\/\/www.blueletterbible.org\/\">blueletterbible.org<\/a>, <a href=\"https:\/\/www.stepbible.org\/\">stepbible.org<\/a><\/li>\n<\/ul>\n<\/div><\/div><\/div>\n<\/div><\/div>\n<\/div><\/div><\/div>\n<\/div><\/div>\n\n\n\n<div class=\"wp-block-stackable-columns alignfull stk-block-columns stk-block stk-1dbdcfb stk-block-background stk--has-background-overlay\" data-block-id=\"1dbdcfb\"><style>.stk-1dbdcfb {background-color:transparent !important;background-image:url(https:\/\/kosicebaptist.sk\/wp-content\/uploads\/2021\/07\/decorative-shape.svg) !important;background-position:top right !important;background-repeat:no-repeat !important;background-size:850px !important;padding-top:0px !important;padding-right:0px !important;padding-bottom:0px !important;padding-left:0px !important;margin-bottom:40px !important;overflow:visible !important;}.stk-1dbdcfb:before{background-color:transparent !important;opacity:0.5 !important;}.stk-1dbdcfb .stk-container{overflow:visible !important;}@media screen and (max-width:999px){.stk-1dbdcfb {background-size:600px !important;}}@media screen and (max-width:689px){.stk-1dbdcfb {background-size:400px !important;}}<\/style><div class=\"stk-row stk-inner-blocks stk-block-content stk-content-align stk-1dbdcfb-column\">\n<div class=\"wp-block-stackable-column stk-block-column stk-column stk-block stk-07d2bd2\" data-v=\"4\" data-block-id=\"07d2bd2\"><style>.stk-07d2bd2-container{margin-top:0px !important;margin-right:0px !important;margin-bottom:0px !important;margin-left:0px !important;}<\/style><div class=\"stk-column-wrapper stk-block-column__content stk-container stk-07d2bd2-container stk--no-background stk--no-padding\"><div class=\"stk-block-content stk-inner-blocks stk-07d2bd2-inner-blocks\"><\/div><\/div><\/div>\n<\/div><\/div>","protected":false},"excerpt":{"rendered":"<p>Ako \u010d\u00edta\u0165 Bibliu Ako \u010d\u00edta\u0165 Bibliu: Spr\u00e1vne porozumenie Bo\u017eiemu slovu \u010c\u00edtanie Biblie je z\u00e1kladn\u00fdm kame\u0148om kres\u0165ansk\u00e9ho \u017eivota. Nesta\u010d\u00ed ju v\u0161ak len otvori\u0165 a pre\u010d\u00edta\u0165 \u2013 d\u00f4le\u017eit\u00e9 je spr\u00e1vne jej porozumie\u0165 a vyklada\u0165. Cie\u013eom nie je n\u00e1js\u0165 subjekt\u00edvny v\u00fdznam pre seba, ale h\u013eada\u0165 to, \u010do autor p\u00f4vodne zam\u00fd\u0161\u013eal a \u010do n\u00e1m Boh cez svoje Slovo hovor\u00ed [&hellip;]<\/p>\n","protected":false},"author":1,"featured_media":25861,"parent":0,"menu_order":0,"comment_status":"closed","ping_status":"closed","template":"","meta":{"_seopress_robots_primary_cat":"","_seopress_titles_title":"","_seopress_titles_desc":"","_seopress_robots_index":"","footnotes":""},"class_list":["post-25857","page","type-page","status-publish","has-post-thumbnail","hentry"],"blocksy_meta":{"styles_descriptor":{"styles":{"desktop":"","tablet":"","mobile":""},"google_fonts":[],"version":6},"page_title_panel":"","has_hero_section":"disabled","294979639cc4286d28eae158a43f7c26":"","hero_section":"type-1","hero_elements":[{"id":"custom_title","enabled":true,"heading_tag":"h1","title":"Home"},{"id":"custom_description","enabled":true,"description_visibility":{"desktop":true,"tablet":true,"mobile":false}},{"id":"custom_meta","enabled":false,"meta_elements":[{"id":"author","enabled":true,"label":"By","has_author_avatar":"yes","avatar_size":25},{"id":"post_date","enabled":true,"label":"On","date_format_source":"default","date_format":"M j, Y"},{"id":"updated_date","enabled":false,"label":"On","date_format_source":"default","date_format":"M j, Y"},{"id":"categories","enabled":false,"label":"In","style":"simple"},{"id":"comments","enabled":true}],"page_meta_elements":{"joined":true,"articles_count":true,"comments":true}},{"id":"breadcrumbs","enabled":false}],"f795a2c8e66fb0c250759672a0f1fc4d":"","hero_alignment1":"CT_CSS_SKIP_RULE","hero_margin":40,"hero_alignment2":"center","hero_vertical_alignment":"center","224af4523163a59eacb4a1d275a3bf87":"","hero_structure":"narrow","6f6f64ffae7cd08881ad205e1eb06834":"","page_title_bg_type":"featured_image","custom_hero_background":{"attachment_id":null},"parallax":{"desktop":false,"tablet":false,"mobile":false},"7f36a2d4f5b0303e619ebae4d72a9ccb":"","hero_height":"250px","pageTitleFont":{"family":"Default","variation":"Default","size":"30px","line-height":"CT_CSS_SKIP_RULE","letter-spacing":"CT_CSS_SKIP_RULE","text-transform":"CT_CSS_SKIP_RULE","text-decoration":"CT_CSS_SKIP_RULE"},"pageTitleFontColor":{"default":{"color":"CT_CSS_SKIP_RULEDEFAULT"}},"pageMetaFont":{"family":"Default","variation":"n6","size":"12px","line-height":"1.3","letter-spacing":"CT_CSS_SKIP_RULE","text-transform":"uppercase","text-decoration":"CT_CSS_SKIP_RULE"},"pageMetaFontColor":{"default":{"color":"CT_CSS_SKIP_RULEDEFAULT"},"hover":{"color":"CT_CSS_SKIP_RULEDEFAULT"}},"page_meta_button_type_font_colors":{"default":{"color":"CT_CSS_SKIP_RULEDEFAULT"},"hover":{"color":"CT_CSS_SKIP_RULEDEFAULT"}},"page_meta_button_type_background_colors":{"default":{"color":"CT_CSS_SKIP_RULEDEFAULT"},"hover":{"color":"CT_CSS_SKIP_RULEDEFAULT"}},"pageExcerptFont":{"family":"Default","variation":"Default","size":"CT_CSS_SKIP_RULE","line-height":"CT_CSS_SKIP_RULE","letter-spacing":"CT_CSS_SKIP_RULE","text-transform":"CT_CSS_SKIP_RULE","text-decoration":"CT_CSS_SKIP_RULE"},"pageExcerptColor":{"default":{"color":"CT_CSS_SKIP_RULEDEFAULT"}},"breadcrumbsFont":{"family":"Default","variation":"Default","size":"CT_CSS_SKIP_RULE","line-height":"CT_CSS_SKIP_RULE","letter-spacing":"CT_CSS_SKIP_RULE","text-transform":"CT_CSS_SKIP_RULE","text-decoration":"CT_CSS_SKIP_RULE"},"breadcrumbsFontColor":{"default":{"color":"CT_CSS_SKIP_RULEDEFAULT"},"initial":{"color":"CT_CSS_SKIP_RULEDEFAULT"},"hover":{"color":"CT_CSS_SKIP_RULEDEFAULT"}},"pageTitleOverlay":{"background_type":"color","background_pattern":"type-1","background_image":{"attachment_id":null,"x":0,"y":0},"gradient":"linear-gradient(135deg,rgba(6,147,227,1) 0%,rgb(155,81,224) 100%)","background_repeat":"repeat","background_size":"auto","background_attachment":"scroll","patternColor":{"default":{"color":"#e5e7ea"}},"overlayColor":{"default":{"color":"CT_CSS_SKIP_RULE"}},"backgroundColor":{"default":{"color":"CT_CSS_SKIP_RULE"}}},"pageTitleBackground":{"background_type":"color","background_pattern":"type-1","background_image":{"attachment_id":null,"x":0,"y":0},"gradient":"linear-gradient(135deg,rgba(6,147,227,1) 0%,rgb(155,81,224) 100%)","background_repeat":"repeat","background_size":"auto","background_attachment":"scroll","patternColor":{"default":{"color":"#e5e7ea"}},"overlayColor":{"default":{"color":"CT_CSS_SKIP_RULE"}},"backgroundColor":{"default":{"color":"var(--theme-palette-color-6)"}}},"pageTitlePadding":{"top":"50px","bottom":"50px","left":"auto","right":"auto","linked":true},"ecb05450eb56f8c06b73e9fbf72614df":"","page_structure_type":"default","e7aa1f7981176862d4333be841e9d951":"","content_style_source":"inherit","content_style":"wide","vertical_spacing_source":"custom","content_area_spacing":"none","background":{"background_type":"color","background_pattern":"type-1","background_image":{"attachment_id":null,"x":0,"y":0},"gradient":"linear-gradient(135deg,rgba(6,147,227,1) 0%,rgb(155,81,224) 100%)","background_repeat":"repeat","background_size":"auto","background_attachment":"scroll","patternColor":{"default":{"color":"#e5e7ea"}},"overlayColor":{"default":{"color":"CT_CSS_SKIP_RULE"}},"backgroundColor":{"default":{"color":"CT_CSS_SKIP_RULE"}}},"content_background":{"background_type":"color","background_pattern":"type-1","background_image":{"attachment_id":null,"x":0,"y":0},"gradient":"linear-gradient(135deg,rgba(6,147,227,1) 0%,rgb(155,81,224) 100%)","background_repeat":"repeat","background_size":"auto","background_attachment":"scroll","patternColor":{"default":{"color":"#e5e7ea"}},"overlayColor":{"default":{"color":"CT_CSS_SKIP_RULE"}},"backgroundColor":{"default":{"color":"var(--theme-palette-color-8)"}}},"content_boxed_shadow":{"inherit":false,"blur":18,"spread":-6,"v_offset":12,"h_offset":0,"inset":false,"enable":true,"color":{"color":"rgba(34, 56, 101, 0.04)"}},"boxed_content_spacing":{"desktop":{"top":"40px","bottom":"40px","left":"40px","right":"40px","linked":true},"tablet":{"top":"35px","bottom":"35px","left":"35px","right":"35px","linked":true},"mobile":{"top":"20px","bottom":"20px","left":"20px","right":"20px","linked":true}},"content_boxed_radius":{"top":"3px","bottom":"3px","left":"3px","right":"3px","linked":true},"a2b24154c7f352ae218f2cf40c3fb3f9":"","disable_featured_image":"no","disable_share_box":"no","disable_header":"no","disable_footer":"no"},"_links":{"self":[{"href":"https:\/\/kosicebaptist.sk\/en\/wp-json\/wp\/v2\/pages\/25857","targetHints":{"allow":["GET"]}}],"collection":[{"href":"https:\/\/kosicebaptist.sk\/en\/wp-json\/wp\/v2\/pages"}],"about":[{"href":"https:\/\/kosicebaptist.sk\/en\/wp-json\/wp\/v2\/types\/page"}],"author":[{"embeddable":true,"href":"https:\/\/kosicebaptist.sk\/en\/wp-json\/wp\/v2\/users\/1"}],"replies":[{"embeddable":true,"href":"https:\/\/kosicebaptist.sk\/en\/wp-json\/wp\/v2\/comments?post=25857"}],"version-history":[{"count":4,"href":"https:\/\/kosicebaptist.sk\/en\/wp-json\/wp\/v2\/pages\/25857\/revisions"}],"predecessor-version":[{"id":25866,"href":"https:\/\/kosicebaptist.sk\/en\/wp-json\/wp\/v2\/pages\/25857\/revisions\/25866"}],"wp:featuredmedia":[{"embeddable":true,"href":"https:\/\/kosicebaptist.sk\/en\/wp-json\/wp\/v2\/media\/25861"}],"wp:attachment":[{"href":"https:\/\/kosicebaptist.sk\/en\/wp-json\/wp\/v2\/media?parent=25857"}],"curies":[{"name":"wp","href":"https:\/\/api.w.org\/{rel}","templated":true}]}}